{"id":101,"date":"2019-01-29T23:20:17","date_gmt":"2019-01-29T23:20:17","guid":{"rendered":"http:\/\/resolucionsanitariadealimentos.cl\/?page_id=101"},"modified":"2023-02-09T18:40:18","modified_gmt":"2023-02-09T18:40:18","slug":"resolucion-envasadora-de-alimentos","status":"publish","type":"page","link":"https:\/\/resolucionsanitariadealimentos.cl\/index.php\/resolucion-envasadora-de-alimentos\/","title":{"rendered":"Resoluci\u00f3n Sanitaria para Envasadora de Alimentos"},"content":{"rendered":"\n<div class=\"wp-block-image\"><figure class=\"alignright is-resized\"><img decoding=\"async\" loading=\"lazy\" src=\"http:\/\/resolucionsanitariadealimentos.cl\/wp-content\/uploads\/2019\/07\/alimentos-envasados-1024x610.jpg\" alt=\"\" class=\"wp-image-453\" width=\"214\" height=\"126\"\/><figcaption>Autorizaci\u00f3n sanitaria de alimentos tipo envasadora<\/figcaption><\/figure><\/div>\n\n\n\n<p><font style=\"vertical-align: inherit;\"><font style=\"vertical-align: inherit;\">Ingresan en esta categor\u00eda aquellos locales y empresas que <strong>s\u00f3lo<\/strong> <strong>se dediquen al envasado<\/strong> de productos alimenticios.<\/font><\/font><\/p>\n\n\n\n<p><font style=\"vertical-align: inherit;\"><font style=\"vertical-align: inherit;\">Estos alimentos deben provenir de establecimientos autorizados.<\/font><\/font><\/p>\n\n\n\n<p>Los fines otorgados se detallan a continuaci\u00f3n como envasadora de:<\/p>\n\n\n\n<ul><li>agua mineral<\/li><li>alimentos congelados<\/li><li>alimentos que requieren refrigeraci\u00f3n<\/li><li>y alimentos que no requieren refrigeraci\u00f3n.<\/li><\/ul>\n\n\n\n<p> Cotiza tu resoluci\u00f3n sanitaria de alimentos pinchando&nbsp;<a href=\"http:\/\/resolucionsanitariadealimentos.cl\/index.php\/contacto\/\">aqu\u00ed.<\/a><\/p>\n","protected":false},"excerpt":{"rendered":"<p>Ingresan en esta categor\u00eda aquellos locales y empresas que s\u00f3lo se dediquen al envasado de productos alimenticios. Estos alimentos deben provenir de establecimientos autorizados. Los fines otorgados se detallan a continuaci\u00f3n como envasadora de: agua mineral alimentos congelados alimentos que requieren refrigeraci\u00f3n y alimentos que no requieren refrigeraci\u00f3n. Cotiza tu resoluci\u00f3n sanitaria de alimentos pinchando&nbsp;aqu\u00ed.<\/p>\n","protected":false},"author":1,"featured_media":0,"parent":0,"menu_order":0,"comment_status":"closed","ping_status":"closed","template":"","meta":[],"yoast_head":"<!-- This site is optimized with the Yoast SEO plugin v21.6 - https:\/\/yoast.com\/wordpress\/plugins\/seo\/ -->\n<title>Resoluci\u00f3n Sanitaria para Envasadora de Alimentos - Resoluci\u00f3n Sanitaria de Alimentos<\/title>\n<meta name=\"robots\" content=\"index, follow, max-snippet:-1, max-image-preview:large, max-video-preview:-1\" \/>\n<link rel=\"canonical\" href=\"https:\/\/resolucionsanitariadealimentos.cl\/index.php\/resolucion-envasadora-de-alimentos\/\" \/>\n<meta property=\"og:locale\" content=\"es_ES\" \/>\n<meta property=\"og:type\" content=\"article\" \/>\n<meta property=\"og:title\" content=\"Resoluci\u00f3n Sanitaria para Envasadora de Alimentos - Resoluci\u00f3n Sanitaria de Alimentos\" \/>\n<meta property=\"og:description\" content=\"Ingresan en esta categor\u00eda aquellos locales y empresas que s\u00f3lo se dediquen al envasado de productos alimenticios. Estos alimentos deben provenir de establecimientos autorizados. Los fines otorgados se detallan a continuaci\u00f3n como envasadora de: agua mineral alimentos congelados alimentos que requieren refrigeraci\u00f3n y alimentos que no requieren refrigeraci\u00f3n. Cotiza tu resoluci\u00f3n sanitaria de alimentos pinchando&nbsp;aqu\u00ed.\" \/>\n<meta property=\"og:url\" content=\"https:\/\/resolucionsanitariadealimentos.cl\/index.php\/resolucion-envasadora-de-alimentos\/\" \/>\n<meta property=\"og:site_name\" content=\"Resoluci\u00f3n Sanitaria de Alimentos\" \/>\n<meta property=\"article:modified_time\" content=\"2023-02-09T18:40:18+00:00\" \/>\n<meta property=\"og:image\" content=\"http:\/\/resolucionsanitariadealimentos.cl\/wp-content\/uploads\/2019\/07\/alimentos-envasados-1024x610.jpg\" \/>\n<meta name=\"twitter:card\" content=\"summary_large_image\" \/>\n<script type=\"application\/ld+json\" class=\"yoast-schema-graph\">{\"@context\":\"https:\/\/schema.org\",\"@graph\":[{\"@type\":\"WebPage\",\"@id\":\"https:\/\/resolucionsanitariadealimentos.cl\/index.php\/resolucion-envasadora-de-alimentos\/\",\"url\":\"https:\/\/resolucionsanitariadealimentos.cl\/index.php\/resolucion-envasadora-de-alimentos\/\",\"name\":\"Resoluci\u00f3n Sanitaria para Envasadora de Alimentos - Resoluci\u00f3n Sanitaria de Alimentos\",\"isPartOf\":{\"@id\":\"https:\/\/resolucionsanitariadealimentos.cl\/#website\"},\"datePublished\":\"2019-01-29T23:20:17+00:00\",\"dateModified\":\"2023-02-09T18:40:18+00:00\",\"breadcrumb\":{\"@id\":\"https:\/\/resolucionsanitariadealimentos.cl\/index.php\/resolucion-envasadora-de-alimentos\/#breadcrumb\"},\"inLanguage\":\"es-CL\",\"potentialAction\":[{\"@type\":\"ReadAction\",\"target\":[\"https:\/\/resolucionsanitariadealimentos.cl\/index.php\/resolucion-envasadora-de-alimentos\/\"]}]},{\"@type\":\"BreadcrumbList\",\"@id\":\"https:\/\/resolucionsanitariadealimentos.cl\/index.php\/resolucion-envasadora-de-alimentos\/#breadcrumb\",\"itemListElement\":[{\"@type\":\"ListItem\",\"position\":1,\"name\":\"Inicio\",\"item\":\"https:\/\/resolucionsanitariadealimentos.cl\/\"},{\"@type\":\"ListItem\",\"position\":2,\"name\":\"Resoluci\u00f3n Sanitaria para Envasadora de Alimentos\"}]},{\"@type\":\"WebSite\",\"@id\":\"https:\/\/resolucionsanitariadealimentos.cl\/#website\",\"url\":\"https:\/\/resolucionsanitariadealimentos.cl\/\",\"name\":\"Resoluci\u00f3n Sanitaria de Alimentos\",\"description\":\"Asesor\u00eda y tramitaci\u00f3n de Resoluci\u00f3n Sanitaria de Alimentos\",\"potentialAction\":[{\"@type\":\"SearchAction\",\"target\":{\"@type\":\"EntryPoint\",\"urlTemplate\":\"https:\/\/resolucionsanitariadealimentos.cl\/?s={search_term_string}\"},\"query-input\":\"required name=search_term_string\"}],\"inLanguage\":\"es-CL\"}]}<\/script>\n<!-- \/ Yoast SEO plugin. -->","yoast_head_json":{"title":"Resoluci\u00f3n Sanitaria para Envasadora de Alimentos - Resoluci\u00f3n Sanitaria de Alimentos","robots":{"index":"index","follow":"follow","max-snippet":"max-snippet:-1","max-image-preview":"max-image-preview:large","max-video-preview":"max-video-preview:-1"},"canonical":"https:\/\/resolucionsanitariadealimentos.cl\/index.php\/resolucion-envasadora-de-alimentos\/","og_locale":"es_ES","og_type":"article","og_title":"Resoluci\u00f3n Sanitaria para Envasadora de Alimentos - Resoluci\u00f3n Sanitaria de Alimentos","og_description":"Ingresan en esta categor\u00eda aquellos locales y empresas que s\u00f3lo se dediquen al envasado de productos alimenticios. Estos alimentos deben provenir de establecimientos autorizados. Los fines otorgados se detallan a continuaci\u00f3n como envasadora de: agua mineral alimentos congelados alimentos que requieren refrigeraci\u00f3n y alimentos que no requieren refrigeraci\u00f3n. Cotiza tu resoluci\u00f3n sanitaria de alimentos pinchando&nbsp;aqu\u00ed.","og_url":"https:\/\/resolucionsanitariadealimentos.cl\/index.php\/resolucion-envasadora-de-alimentos\/","og_site_name":"Resoluci\u00f3n Sanitaria de Alimentos","article_modified_time":"2023-02-09T18:40:18+00:00","og_image":[{"url":"http:\/\/resolucionsanitariadealimentos.cl\/wp-content\/uploads\/2019\/07\/alimentos-envasados-1024x610.jpg"}],"twitter_card":"summary_large_image","schema":{"@context":"https:\/\/schema.org","@graph":[{"@type":"WebPage","@id":"https:\/\/resolucionsanitariadealimentos.cl\/index.php\/resolucion-envasadora-de-alimentos\/","url":"https:\/\/resolucionsanitariadealimentos.cl\/index.php\/resolucion-envasadora-de-alimentos\/","name":"Resoluci\u00f3n Sanitaria para Envasadora de Alimentos - Resoluci\u00f3n Sanitaria de Alimentos","isPartOf":{"@id":"https:\/\/resolucionsanitariadealimentos.cl\/#website"},"datePublished":"2019-01-29T23:20:17+00:00","dateModified":"2023-02-09T18:40:18+00:00","breadcrumb":{"@id":"https:\/\/resolucionsanitariadealimentos.cl\/index.php\/resolucion-envasadora-de-alimentos\/#breadcrumb"},"inLanguage":"es-CL","potentialAction":[{"@type":"ReadAction","target":["https:\/\/resolucionsanitariadealimentos.cl\/index.php\/resolucion-envasadora-de-alimentos\/"]}]},{"@type":"BreadcrumbList","@id":"https:\/\/resolucionsanitariadealimentos.cl\/index.php\/resolucion-envasadora-de-alimentos\/#breadcrumb","itemListElement":[{"@type":"ListItem","position":1,"name":"Inicio","item":"https:\/\/resolucionsanitariadealimentos.cl\/"},{"@type":"ListItem","position":2,"name":"Resoluci\u00f3n Sanitaria para Envasadora de Alimentos"}]},{"@type":"WebSite","@id":"https:\/\/resolucionsanitariadealimentos.cl\/#website","url":"https:\/\/resolucionsanitariadealimentos.cl\/","name":"Resoluci\u00f3n Sanitaria de Alimentos","description":"Asesor\u00eda y tramitaci\u00f3n de Resoluci\u00f3n Sanitaria de Alimentos","potentialAction":[{"@type":"SearchAction","target":{"@type":"EntryPoint","urlTemplate":"https:\/\/resolucionsanitariadealimentos.cl\/?s={search_term_string}"},"query-input":"required name=search_term_string"}],"inLanguage":"es-CL"}]}},"amp_enabled":true,"_links":{"self":[{"href":"https:\/\/resolucionsanitariadealimentos.cl\/index.php\/wp-json\/wp\/v2\/pages\/101"}],"collection":[{"href":"https:\/\/resolucionsanitariadealimentos.cl\/index.php\/wp-json\/wp\/v2\/pages"}],"about":[{"href":"https:\/\/resolucionsanitariadealimentos.cl\/index.php\/wp-json\/wp\/v2\/types\/page"}],"author":[{"embeddable":true,"href":"https:\/\/resolucionsanitariadealimentos.cl\/index.php\/wp-json\/wp\/v2\/users\/1"}],"replies":[{"embeddable":true,"href":"https:\/\/resolucionsanitariadealimentos.cl\/index.php\/wp-json\/wp\/v2\/comments?post=101"}],"version-history":[{"count":5,"href":"https:\/\/resolucionsanitariadealimentos.cl\/index.php\/wp-json\/wp\/v2\/pages\/101\/revisions"}],"predecessor-version":[{"id":479,"href":"https:\/\/resolucionsanitariadealimentos.cl\/index.php\/wp-json\/wp\/v2\/pages\/101\/revisions\/479"}],"wp:attachment":[{"href":"https:\/\/resolucionsanitariadealimentos.cl\/index.php\/wp-json\/wp\/v2\/media?parent=101"}],"curies":[{"name":"wp","href":"https:\/\/api.w.org\/{rel}","templated":true}]}}