{"id":103,"date":"2019-01-29T23:20:43","date_gmt":"2019-01-29T23:20:43","guid":{"rendered":"http:\/\/resolucionsanitariadealimentos.cl\/?page_id=103"},"modified":"2023-02-09T18:40:17","modified_gmt":"2023-02-09T18:40:17","slug":"resolucion-procesadora-de-alimentos","status":"publish","type":"page","link":"https:\/\/resolucionsanitariadealimentos.cl\/index.php\/resolucion-procesadora-de-alimentos\/","title":{"rendered":"Resoluci\u00f3n Sanitaria para Procesadora de Alimentos"},"content":{"rendered":"\n<div class=\"wp-block-image\"><figure class=\"alignright is-resized\"><img decoding=\"async\" loading=\"lazy\" src=\"http:\/\/resolucionsanitariadealimentos.cl\/wp-content\/uploads\/2019\/07\/alimentos-procesados.jpg\" alt=\"\" class=\"wp-image-448\" width=\"160\" height=\"103\" srcset=\"https:\/\/resolucionsanitariadealimentos.cl\/wp-content\/uploads\/2019\/07\/alimentos-procesados.jpg 800w, https:\/\/resolucionsanitariadealimentos.cl\/wp-content\/uploads\/2019\/07\/alimentos-procesados-300x194.jpg 300w, https:\/\/resolucionsanitariadealimentos.cl\/wp-content\/uploads\/2019\/07\/alimentos-procesados-768x497.jpg 768w\" sizes=\"(max-width: 160px) 100vw, 160px\" \/><figcaption>Autorizaci\u00f3n sanitaria de alimentos tipo procesadora<\/figcaption><\/figure><\/div>\n\n\n\n<p><font style=\"vertical-align: inherit;\"><font style=\"vertical-align: inherit;\">Ingresan en esta categor\u00eda aquellos locales o empresas que realicen alg\u00fan tipo de transformaci\u00f3n poco compleja en los alimentos. Como por ejemplo: deshidratado, picado, liofilizado, ahumado, etc.<\/font><\/font><\/p>\n\n\n\n<p>Los fines otorgados se detallan a continuaci\u00f3n:<\/p>\n\n\n\n<ul><li><strong>Autorizaci\u00f3n sanitaria para <\/strong><font style=\"vertical-align: inherit;\"><font style=\"vertical-align: inherit;\"><strong>Procesadora de:<\/strong><\/font><\/font><\/li><li><font style=\"vertical-align: inherit;\"><font style=\"vertical-align: inherit;\"> az\u00facar<\/font><\/font><\/li><li><font style=\"vertical-align: inherit;\"><font style=\"vertical-align: inherit;\"> sal<\/font><\/font><\/li><li><font style=\"vertical-align: inherit;\"><font style=\"vertical-align: inherit;\">pescados, mariscos y productos del mar.<\/font><\/font><\/li><li> frutas y hortalizas <\/li><li><font style=\"vertical-align: inherit;\"><font style=\"vertical-align: inherit;\">t\u00e9, caf\u00e9, mate, hierbas arom\u00e1ticas para infusi\u00f3n<\/font><\/font><\/li><li><font style=\"vertical-align: inherit;\"><font style=\"vertical-align: inherit;\">frutos secos<\/font><\/font><\/li><li><font style=\"vertical-align: inherit;\"><font style=\"vertical-align: inherit;\">productos l\u00e1cteos y subproductos.<\/font><\/font><\/li><li><font style=\"vertical-align: inherit;\"><font style=\"vertical-align: inherit;\">carnes y subproductos comestibles.<\/font><\/font><\/li><li>Procesadora o envasadora de miel y productos ap\u00edcolas<\/li><li><font style=\"vertical-align: inherit;\"><font style=\"vertical-align: inherit;\">Entre otros.<\/font><\/font><\/li><\/ul>\n\n\n\n<p> Cotiza tu resoluci\u00f3n sanitaria de alimentos pinchando&nbsp;<a href=\"http:\/\/resolucionsanitariadealimentos.cl\/index.php\/contacto\/\">aqu\u00ed.<\/a><\/p>\n\n\n\n<p><\/p>\n","protected":false},"excerpt":{"rendered":"<p>Ingresan en esta categor\u00eda aquellos locales o empresas que realicen alg\u00fan tipo de transformaci\u00f3n poco compleja en los alimentos. Como por ejemplo: deshidratado, picado, liofilizado, ahumado, etc. Los fines otorgados se detallan a continuaci\u00f3n: Autorizaci\u00f3n sanitaria para Procesadora de: az\u00facar sal pescados, mariscos y productos del mar. frutas y hortalizas t\u00e9, caf\u00e9, mate, hierbas arom\u00e1ticas [&hellip;]<\/p>\n","protected":false},"author":1,"featured_media":0,"parent":0,"menu_order":0,"comment_status":"closed","ping_status":"closed","template":"","meta":[],"yoast_head":"<!-- This site is optimized with the Yoast SEO plugin v21.6 - https:\/\/yoast.com\/wordpress\/plugins\/seo\/ -->\n<title>Resoluci\u00f3n Sanitaria para Procesadora de Alimentos - Resoluci\u00f3n Sanitaria de Alimentos<\/title>\n<meta name=\"robots\" content=\"index, follow, max-snippet:-1, max-image-preview:large, max-video-preview:-1\" \/>\n<link rel=\"canonical\" href=\"https:\/\/resolucionsanitariadealimentos.cl\/index.php\/resolucion-procesadora-de-alimentos\/\" \/>\n<meta property=\"og:locale\" content=\"es_ES\" \/>\n<meta property=\"og:type\" content=\"article\" \/>\n<meta property=\"og:title\" content=\"Resoluci\u00f3n Sanitaria para Procesadora de Alimentos - Resoluci\u00f3n Sanitaria de Alimentos\" \/>\n<meta property=\"og:description\" content=\"Ingresan en esta categor\u00eda aquellos locales o empresas que realicen alg\u00fan tipo de transformaci\u00f3n poco compleja en los alimentos. Como por ejemplo: deshidratado, picado, liofilizado, ahumado, etc. Los fines otorgados se detallan a continuaci\u00f3n: Autorizaci\u00f3n sanitaria para Procesadora de: az\u00facar sal pescados, mariscos y productos del mar. frutas y hortalizas t\u00e9, caf\u00e9, mate, hierbas arom\u00e1ticas [&hellip;]\" \/>\n<meta property=\"og:url\" content=\"https:\/\/resolucionsanitariadealimentos.cl\/index.php\/resolucion-procesadora-de-alimentos\/\" \/>\n<meta property=\"og:site_name\" content=\"Resoluci\u00f3n Sanitaria de Alimentos\" \/>\n<meta property=\"article:modified_time\" content=\"2023-02-09T18:40:17+00:00\" \/>\n<meta property=\"og:image\" content=\"http:\/\/resolucionsanitariadealimentos.cl\/wp-content\/uploads\/2019\/07\/alimentos-procesados.jpg\" \/>\n<meta name=\"twitter:card\" content=\"summary_large_image\" \/>\n<meta name=\"twitter:label1\" content=\"Est. reading time\" \/>\n\t<meta name=\"twitter:data1\" content=\"1 minuto\" \/>\n<script type=\"application\/ld+json\" class=\"yoast-schema-graph\">{\"@context\":\"https:\/\/schema.org\",\"@graph\":[{\"@type\":\"WebPage\",\"@id\":\"https:\/\/resolucionsanitariadealimentos.cl\/index.php\/resolucion-procesadora-de-alimentos\/\",\"url\":\"https:\/\/resolucionsanitariadealimentos.cl\/index.php\/resolucion-procesadora-de-alimentos\/\",\"name\":\"Resoluci\u00f3n Sanitaria para Procesadora de Alimentos - Resoluci\u00f3n Sanitaria de Alimentos\",\"isPartOf\":{\"@id\":\"https:\/\/resolucionsanitariadealimentos.cl\/#website\"},\"datePublished\":\"2019-01-29T23:20:43+00:00\",\"dateModified\":\"2023-02-09T18:40:17+00:00\",\"breadcrumb\":{\"@id\":\"https:\/\/resolucionsanitariadealimentos.cl\/index.php\/resolucion-procesadora-de-alimentos\/#breadcrumb\"},\"inLanguage\":\"es-CL\",\"potentialAction\":[{\"@type\":\"ReadAction\",\"target\":[\"https:\/\/resolucionsanitariadealimentos.cl\/index.php\/resolucion-procesadora-de-alimentos\/\"]}]},{\"@type\":\"BreadcrumbList\",\"@id\":\"https:\/\/resolucionsanitariadealimentos.cl\/index.php\/resolucion-procesadora-de-alimentos\/#breadcrumb\",\"itemListElement\":[{\"@type\":\"ListItem\",\"position\":1,\"name\":\"Inicio\",\"item\":\"https:\/\/resolucionsanitariadealimentos.cl\/\"},{\"@type\":\"ListItem\",\"position\":2,\"name\":\"Resoluci\u00f3n Sanitaria para Procesadora de Alimentos\"}]},{\"@type\":\"WebSite\",\"@id\":\"https:\/\/resolucionsanitariadealimentos.cl\/#website\",\"url\":\"https:\/\/resolucionsanitariadealimentos.cl\/\",\"name\":\"Resoluci\u00f3n Sanitaria de Alimentos\",\"description\":\"Asesor\u00eda y tramitaci\u00f3n de Resoluci\u00f3n Sanitaria de Alimentos\",\"potentialAction\":[{\"@type\":\"SearchAction\",\"target\":{\"@type\":\"EntryPoint\",\"urlTemplate\":\"https:\/\/resolucionsanitariadealimentos.cl\/?s={search_term_string}\"},\"query-input\":\"required name=search_term_string\"}],\"inLanguage\":\"es-CL\"}]}<\/script>\n<!-- \/ Yoast SEO plugin. -->","yoast_head_json":{"title":"Resoluci\u00f3n Sanitaria para Procesadora de Alimentos - Resoluci\u00f3n Sanitaria de Alimentos","robots":{"index":"index","follow":"follow","max-snippet":"max-snippet:-1","max-image-preview":"max-image-preview:large","max-video-preview":"max-video-preview:-1"},"canonical":"https:\/\/resolucionsanitariadealimentos.cl\/index.php\/resolucion-procesadora-de-alimentos\/","og_locale":"es_ES","og_type":"article","og_title":"Resoluci\u00f3n Sanitaria para Procesadora de Alimentos - Resoluci\u00f3n Sanitaria de Alimentos","og_description":"Ingresan en esta categor\u00eda aquellos locales o empresas que realicen alg\u00fan tipo de transformaci\u00f3n poco compleja en los alimentos. Como por ejemplo: deshidratado, picado, liofilizado, ahumado, etc. Los fines otorgados se detallan a continuaci\u00f3n: Autorizaci\u00f3n sanitaria para Procesadora de: az\u00facar sal pescados, mariscos y productos del mar. frutas y hortalizas t\u00e9, caf\u00e9, mate, hierbas arom\u00e1ticas [&hellip;]","og_url":"https:\/\/resolucionsanitariadealimentos.cl\/index.php\/resolucion-procesadora-de-alimentos\/","og_site_name":"Resoluci\u00f3n Sanitaria de Alimentos","article_modified_time":"2023-02-09T18:40:17+00:00","og_image":[{"url":"http:\/\/resolucionsanitariadealimentos.cl\/wp-content\/uploads\/2019\/07\/alimentos-procesados.jpg"}],"twitter_card":"summary_large_image","twitter_misc":{"Est. reading time":"1 minuto"},"schema":{"@context":"https:\/\/schema.org","@graph":[{"@type":"WebPage","@id":"https:\/\/resolucionsanitariadealimentos.cl\/index.php\/resolucion-procesadora-de-alimentos\/","url":"https:\/\/resolucionsanitariadealimentos.cl\/index.php\/resolucion-procesadora-de-alimentos\/","name":"Resoluci\u00f3n Sanitaria para Procesadora de Alimentos - Resoluci\u00f3n Sanitaria de Alimentos","isPartOf":{"@id":"https:\/\/resolucionsanitariadealimentos.cl\/#website"},"datePublished":"2019-01-29T23:20:43+00:00","dateModified":"2023-02-09T18:40:17+00:00","breadcrumb":{"@id":"https:\/\/resolucionsanitariadealimentos.cl\/index.php\/resolucion-procesadora-de-alimentos\/#breadcrumb"},"inLanguage":"es-CL","potentialAction":[{"@type":"ReadAction","target":["https:\/\/resolucionsanitariadealimentos.cl\/index.php\/resolucion-procesadora-de-alimentos\/"]}]},{"@type":"BreadcrumbList","@id":"https:\/\/resolucionsanitariadealimentos.cl\/index.php\/resolucion-procesadora-de-alimentos\/#breadcrumb","itemListElement":[{"@type":"ListItem","position":1,"name":"Inicio","item":"https:\/\/resolucionsanitariadealimentos.cl\/"},{"@type":"ListItem","position":2,"name":"Resoluci\u00f3n Sanitaria para Procesadora de Alimentos"}]},{"@type":"WebSite","@id":"https:\/\/resolucionsanitariadealimentos.cl\/#website","url":"https:\/\/resolucionsanitariadealimentos.cl\/","name":"Resoluci\u00f3n Sanitaria de Alimentos","description":"Asesor\u00eda y tramitaci\u00f3n de Resoluci\u00f3n Sanitaria de Alimentos","potentialAction":[{"@type":"SearchAction","target":{"@type":"EntryPoint","urlTemplate":"https:\/\/resolucionsanitariadealimentos.cl\/?s={search_term_string}"},"query-input":"required name=search_term_string"}],"inLanguage":"es-CL"}]}},"amp_enabled":true,"_links":{"self":[{"href":"https:\/\/resolucionsanitariadealimentos.cl\/index.php\/wp-json\/wp\/v2\/pages\/103"}],"collection":[{"href":"https:\/\/resolucionsanitariadealimentos.cl\/index.php\/wp-json\/wp\/v2\/pages"}],"about":[{"href":"https:\/\/resolucionsanitariadealimentos.cl\/index.php\/wp-json\/wp\/v2\/types\/page"}],"author":[{"embeddable":true,"href":"https:\/\/resolucionsanitariadealimentos.cl\/index.php\/wp-json\/wp\/v2\/users\/1"}],"replies":[{"embeddable":true,"href":"https:\/\/resolucionsanitariadealimentos.cl\/index.php\/wp-json\/wp\/v2\/comments?post=103"}],"version-history":[{"count":9,"href":"https:\/\/resolucionsanitariadealimentos.cl\/index.php\/wp-json\/wp\/v2\/pages\/103\/revisions"}],"predecessor-version":[{"id":482,"href":"https:\/\/resolucionsanitariadealimentos.cl\/index.php\/wp-json\/wp\/v2\/pages\/103\/revisions\/482"}],"wp:attachment":[{"href":"https:\/\/resolucionsanitariadealimentos.cl\/index.php\/wp-json\/wp\/v2\/media?parent=103"}],"curies":[{"name":"wp","href":"https:\/\/api.w.org\/{rel}","templated":true}]}}