{"id":15,"date":"2019-01-24T20:57:30","date_gmt":"2019-01-24T20:57:30","guid":{"rendered":"http:\/\/resolucionsanitariadealimentos.cl\/?page_id=15"},"modified":"2023-02-09T18:40:23","modified_gmt":"2023-02-09T18:40:23","slug":"servicios","status":"publish","type":"page","link":"https:\/\/resolucionsanitariadealimentos.cl\/index.php\/servicios\/","title":{"rendered":"Servicios"},"content":{"rendered":"\n<h2 class=\"wp-block-heading\">Nuestro servicio para la obtenci\u00f3n efectiva de la Autorizaci\u00f3n Sanitaria de Alimentos incluye:<\/h2>\n\n\n\n<div class=\"wp-block-image\"><figure class=\"alignright is-resized\"><img decoding=\"async\" loading=\"lazy\" src=\"http:\/\/resolucionsanitariadealimentos.cl\/wp-content\/uploads\/2019\/07\/asesor\u00eda.jpg\" alt=\"\" class=\"wp-image-397\" width=\"153\" height=\"102\" srcset=\"https:\/\/resolucionsanitariadealimentos.cl\/wp-content\/uploads\/2019\/07\/asesor\u00eda.jpg 612w, https:\/\/resolucionsanitariadealimentos.cl\/wp-content\/uploads\/2019\/07\/asesor\u00eda-300x200.jpg 300w\" sizes=\"(max-width: 153px) 100vw, 153px\" \/><figcaption>Autorizaci\u00f3n sanitaria de alimentos<\/figcaption><\/figure><\/div>\n\n\n\n<ul><li><font style=\"vertical-align: inherit;\"><font style=\"vertical-align: inherit;\">INSPECCI\u00d3N DE CONDICIONES SANITARIAS  <\/font><\/font><\/li><li><font style=\"vertical-align: inherit;\"><font style=\"vertical-align: inherit;\">ASESOR\u00cdA DE CONDICIONES SANITARIAS ANTES DE CONSTRUIR<\/font><\/font><\/li><li>ASESOR\u00cdA EN NORMATIVA LEGAL VIGENTE (D.S. 977, D.S. 594)<\/li><li><font style=\"vertical-align: inherit;\"><font style=\"vertical-align: inherit;\">CONFECCI\u00d3N DE CROQUIS O PLANOS SOLICITADOS<\/font><\/font><\/li><li><font style=\"vertical-align: inherit;\"><font style=\"vertical-align: inherit;\"><a href=\"http:\/\/resolucionsanitariadealimentos.cl\/index.php\/capacitaciones\/\">CAPACITACIONES<\/a><\/font><\/font><\/li><li>ELABORACI\u00d3N DE MEMORIAS T\u00c9CNICAS<\/li><li>CONFECCI\u00d3N DE SE\u00d1AL\u00c9TICA PERSONALIZADA <\/li><li><font style=\"vertical-align: inherit;\"><font style=\"vertical-align: inherit;\">ELABORACI\u00d3N DE INFORMES<\/font><\/font> REQUERIDOS<\/li><li><font style=\"vertical-align: inherit;\"><font style=\"vertical-align: inherit;\">RECOPILACI\u00d3N DE ANTECEDENTES Y DOCUMENTOS REQUERIDOS POR SEREMI DE SALUD<\/font><\/font><\/li><li>CONFECCI\u00d3N DE <a href=\"http:\/\/resolucionsanitariadealimentos.cl\/index.php\/etiquetado-nutricional\/\">ETIQUETADO NUTRICIONAL<\/a>.<\/li><\/ul>\n\n\n\n<p>Te damos la opci\u00f3n de cotizar para un servicio completo que incluye la asesor\u00eda, tramitaci\u00f3n y confecci\u00f3n de etiquetado nutricional (cuando se requiera), o bien, puedes solicitarnos los servicios por separado. <\/p>\n\n\n\n<p>Solicita tu cotizaci\u00f3n pinchando <a href=\"http:\/\/resolucionsanitariadealimentos.cl\/index.php\/contacto\/\">aqu\u00ed.<\/a><\/p>\n\n\n\n<blockquote class=\"wp-block-quote\"><p><strong>Compromiso,&nbsp;seriedad,&nbsp;vocaci\u00f3n,&nbsp;experiencia y profesionalismo.<\/strong><\/p><\/blockquote>\n","protected":false},"excerpt":{"rendered":"<p>Nuestro servicio para la obtenci\u00f3n efectiva de la Autorizaci\u00f3n Sanitaria de Alimentos incluye: INSPECCI\u00d3N DE CONDICIONES SANITARIAS ASESOR\u00cdA DE CONDICIONES SANITARIAS ANTES DE CONSTRUIR ASESOR\u00cdA EN NORMATIVA LEGAL VIGENTE (D.S. 977, D.S. 594) CONFECCI\u00d3N DE CROQUIS O PLANOS SOLICITADOS CAPACITACIONES ELABORACI\u00d3N DE MEMORIAS T\u00c9CNICAS CONFECCI\u00d3N DE SE\u00d1AL\u00c9TICA PERSONALIZADA ELABORACI\u00d3N DE INFORMES REQUERIDOS RECOPILACI\u00d3N DE ANTECEDENTES [&hellip;]<\/p>\n","protected":false},"author":1,"featured_media":116,"parent":0,"menu_order":0,"comment_status":"closed","ping_status":"closed","template":"","meta":[],"yoast_head":"<!-- This site is optimized with the Yoast SEO plugin v21.6 - https:\/\/yoast.com\/wordpress\/plugins\/seo\/ -->\n<title>Servicios - Resoluci\u00f3n Sanitaria de Alimentos<\/title>\n<meta name=\"description\" content=\"Asesor\u00eda y tramitaci\u00f3n para la obtenci\u00f3n favorable de la Autorizaci\u00f3n Sanitaria de Alimentos para tu proyecto. Cotiza con expertos.\" \/>\n<meta name=\"robots\" content=\"index, follow, max-snippet:-1, max-image-preview:large, max-video-preview:-1\" \/>\n<link rel=\"canonical\" href=\"https:\/\/resolucionsanitariadealimentos.cl\/index.php\/servicios\/\" \/>\n<meta property=\"og:locale\" content=\"es_ES\" \/>\n<meta property=\"og:type\" content=\"article\" \/>\n<meta property=\"og:title\" content=\"Servicios - Resoluci\u00f3n Sanitaria de Alimentos\" \/>\n<meta property=\"og:description\" content=\"Asesor\u00eda y tramitaci\u00f3n para la obtenci\u00f3n favorable de la Autorizaci\u00f3n Sanitaria de Alimentos para tu proyecto. Cotiza con expertos.\" \/>\n<meta property=\"og:url\" content=\"https:\/\/resolucionsanitariadealimentos.cl\/index.php\/servicios\/\" \/>\n<meta property=\"og:site_name\" content=\"Resoluci\u00f3n Sanitaria de Alimentos\" \/>\n<meta property=\"article:modified_time\" content=\"2023-02-09T18:40:23+00:00\" \/>\n<meta property=\"og:image\" content=\"https:\/\/resolucionsanitariadealimentos.cl\/wp-content\/uploads\/2019\/02\/asesor\u00eda.jpg\" \/>\n\t<meta property=\"og:image:width\" content=\"612\" \/>\n\t<meta property=\"og:image:height\" content=\"408\" \/>\n\t<meta property=\"og:image:type\" content=\"image\/jpeg\" \/>\n<meta name=\"twitter:card\" content=\"summary_large_image\" \/>\n<meta name=\"twitter:label1\" content=\"Est. reading time\" \/>\n\t<meta name=\"twitter:data1\" content=\"1 minuto\" \/>\n<script type=\"application\/ld+json\" class=\"yoast-schema-graph\">{\"@context\":\"https:\/\/schema.org\",\"@graph\":[{\"@type\":\"WebPage\",\"@id\":\"https:\/\/resolucionsanitariadealimentos.cl\/index.php\/servicios\/\",\"url\":\"https:\/\/resolucionsanitariadealimentos.cl\/index.php\/servicios\/\",\"name\":\"Servicios - Resoluci\u00f3n Sanitaria de Alimentos\",\"isPartOf\":{\"@id\":\"https:\/\/resolucionsanitariadealimentos.cl\/#website\"},\"datePublished\":\"2019-01-24T20:57:30+00:00\",\"dateModified\":\"2023-02-09T18:40:23+00:00\",\"description\":\"Asesor\u00eda y tramitaci\u00f3n para la obtenci\u00f3n favorable de la Autorizaci\u00f3n Sanitaria de Alimentos para tu proyecto. Cotiza con expertos.\",\"breadcrumb\":{\"@id\":\"https:\/\/resolucionsanitariadealimentos.cl\/index.php\/servicios\/#breadcrumb\"},\"inLanguage\":\"es-CL\",\"potentialAction\":[{\"@type\":\"ReadAction\",\"target\":[\"https:\/\/resolucionsanitariadealimentos.cl\/index.php\/servicios\/\"]}]},{\"@type\":\"BreadcrumbList\",\"@id\":\"https:\/\/resolucionsanitariadealimentos.cl\/index.php\/servicios\/#breadcrumb\",\"itemListElement\":[{\"@type\":\"ListItem\",\"position\":1,\"name\":\"Inicio\",\"item\":\"https:\/\/resolucionsanitariadealimentos.cl\/\"},{\"@type\":\"ListItem\",\"position\":2,\"name\":\"Servicios\"}]},{\"@type\":\"WebSite\",\"@id\":\"https:\/\/resolucionsanitariadealimentos.cl\/#website\",\"url\":\"https:\/\/resolucionsanitariadealimentos.cl\/\",\"name\":\"Resoluci\u00f3n Sanitaria de Alimentos\",\"description\":\"Asesor\u00eda y tramitaci\u00f3n de Resoluci\u00f3n Sanitaria de Alimentos\",\"potentialAction\":[{\"@type\":\"SearchAction\",\"target\":{\"@type\":\"EntryPoint\",\"urlTemplate\":\"https:\/\/resolucionsanitariadealimentos.cl\/?s={search_term_string}\"},\"query-input\":\"required name=search_term_string\"}],\"inLanguage\":\"es-CL\"}]}<\/script>\n<!-- \/ Yoast SEO plugin. -->","yoast_head_json":{"title":"Servicios - Resoluci\u00f3n Sanitaria de Alimentos","description":"Asesor\u00eda y tramitaci\u00f3n para la obtenci\u00f3n favorable de la Autorizaci\u00f3n Sanitaria de Alimentos para tu proyecto. Cotiza con expertos.","robots":{"index":"index","follow":"follow","max-snippet":"max-snippet:-1","max-image-preview":"max-image-preview:large","max-video-preview":"max-video-preview:-1"},"canonical":"https:\/\/resolucionsanitariadealimentos.cl\/index.php\/servicios\/","og_locale":"es_ES","og_type":"article","og_title":"Servicios - Resoluci\u00f3n Sanitaria de Alimentos","og_description":"Asesor\u00eda y tramitaci\u00f3n para la obtenci\u00f3n favorable de la Autorizaci\u00f3n Sanitaria de Alimentos para tu proyecto. Cotiza con expertos.","og_url":"https:\/\/resolucionsanitariadealimentos.cl\/index.php\/servicios\/","og_site_name":"Resoluci\u00f3n Sanitaria de Alimentos","article_modified_time":"2023-02-09T18:40:23+00:00","og_image":[{"width":612,"height":408,"url":"https:\/\/resolucionsanitariadealimentos.cl\/wp-content\/uploads\/2019\/02\/asesor\u00eda.jpg","type":"image\/jpeg"}],"twitter_card":"summary_large_image","twitter_misc":{"Est. reading time":"1 minuto"},"schema":{"@context":"https:\/\/schema.org","@graph":[{"@type":"WebPage","@id":"https:\/\/resolucionsanitariadealimentos.cl\/index.php\/servicios\/","url":"https:\/\/resolucionsanitariadealimentos.cl\/index.php\/servicios\/","name":"Servicios - Resoluci\u00f3n Sanitaria de Alimentos","isPartOf":{"@id":"https:\/\/resolucionsanitariadealimentos.cl\/#website"},"datePublished":"2019-01-24T20:57:30+00:00","dateModified":"2023-02-09T18:40:23+00:00","description":"Asesor\u00eda y tramitaci\u00f3n para la obtenci\u00f3n favorable de la Autorizaci\u00f3n Sanitaria de Alimentos para tu proyecto. Cotiza con expertos.","breadcrumb":{"@id":"https:\/\/resolucionsanitariadealimentos.cl\/index.php\/servicios\/#breadcrumb"},"inLanguage":"es-CL","potentialAction":[{"@type":"ReadAction","target":["https:\/\/resolucionsanitariadealimentos.cl\/index.php\/servicios\/"]}]},{"@type":"BreadcrumbList","@id":"https:\/\/resolucionsanitariadealimentos.cl\/index.php\/servicios\/#breadcrumb","itemListElement":[{"@type":"ListItem","position":1,"name":"Inicio","item":"https:\/\/resolucionsanitariadealimentos.cl\/"},{"@type":"ListItem","position":2,"name":"Servicios"}]},{"@type":"WebSite","@id":"https:\/\/resolucionsanitariadealimentos.cl\/#website","url":"https:\/\/resolucionsanitariadealimentos.cl\/","name":"Resoluci\u00f3n Sanitaria de Alimentos","description":"Asesor\u00eda y tramitaci\u00f3n de Resoluci\u00f3n Sanitaria de Alimentos","potentialAction":[{"@type":"SearchAction","target":{"@type":"EntryPoint","urlTemplate":"https:\/\/resolucionsanitariadealimentos.cl\/?s={search_term_string}"},"query-input":"required name=search_term_string"}],"inLanguage":"es-CL"}]}},"amp_enabled":true,"_links":{"self":[{"href":"https:\/\/resolucionsanitariadealimentos.cl\/index.php\/wp-json\/wp\/v2\/pages\/15"}],"collection":[{"href":"https:\/\/resolucionsanitariadealimentos.cl\/index.php\/wp-json\/wp\/v2\/pages"}],"about":[{"href":"https:\/\/resolucionsanitariadealimentos.cl\/index.php\/wp-json\/wp\/v2\/types\/page"}],"author":[{"embeddable":true,"href":"https:\/\/resolucionsanitariadealimentos.cl\/index.php\/wp-json\/wp\/v2\/users\/1"}],"replies":[{"embeddable":true,"href":"https:\/\/resolucionsanitariadealimentos.cl\/index.php\/wp-json\/wp\/v2\/comments?post=15"}],"version-history":[{"count":15,"href":"https:\/\/resolucionsanitariadealimentos.cl\/index.php\/wp-json\/wp\/v2\/pages\/15\/revisions"}],"predecessor-version":[{"id":585,"href":"https:\/\/resolucionsanitariadealimentos.cl\/index.php\/wp-json\/wp\/v2\/pages\/15\/revisions\/585"}],"wp:featuredmedia":[{"embeddable":true,"href":"https:\/\/resolucionsanitariadealimentos.cl\/index.php\/wp-json\/wp\/v2\/media\/116"}],"wp:attachment":[{"href":"https:\/\/resolucionsanitariadealimentos.cl\/index.php\/wp-json\/wp\/v2\/media?parent=15"}],"curies":[{"name":"wp","href":"https:\/\/api.w.org\/{rel}","templated":true}]}}