{"id":2,"date":"2019-01-23T15:56:32","date_gmt":"2019-01-23T15:56:32","guid":{"rendered":"http:\/\/resolucionsanitariadealimentos.cl\/?page_id=2"},"modified":"2023-03-31T22:53:56","modified_gmt":"2023-03-31T22:53:56","slug":"resolucion-para-restaurante","status":"publish","type":"page","link":"https:\/\/resolucionsanitariadealimentos.cl\/index.php\/resolucion-para-restaurante\/","title":{"rendered":"Resoluci\u00f3n sanitaria para elaboraci\u00f3n de alimentos con consumo"},"content":{"rendered":"\n<figure class=\"wp-block-image alignright size-thumbnail is-style-default\"><img decoding=\"async\" loading=\"lazy\" width=\"150\" height=\"150\" src=\"https:\/\/resolucionsanitariadealimentos.cl\/wp-content\/uploads\/2023\/03\/820-150x150.jpg\" alt=\"Restaurante, cafeter\u00eda, fuente de soda.\nResoluci\u00f3n sanitaria de alimentos\nAutorizaci\u00f3n sanitaria de alimentos\nAsesor\u00eda en Buenas Pr\u00e1cticas de manipulaci\u00f3n de alimento\" class=\"wp-image-912\" srcset=\"https:\/\/resolucionsanitariadealimentos.cl\/wp-content\/uploads\/2023\/03\/820-150x150.jpg 150w, https:\/\/resolucionsanitariadealimentos.cl\/wp-content\/uploads\/2023\/03\/820-300x300.jpg 300w, https:\/\/resolucionsanitariadealimentos.cl\/wp-content\/uploads\/2023\/03\/820-1024x1024.jpg 1024w, https:\/\/resolucionsanitariadealimentos.cl\/wp-content\/uploads\/2023\/03\/820-768x768.jpg 768w, https:\/\/resolucionsanitariadealimentos.cl\/wp-content\/uploads\/2023\/03\/820-1536x1536.jpg 1536w, https:\/\/resolucionsanitariadealimentos.cl\/wp-content\/uploads\/2023\/03\/820-2048x2048.jpg 2048w\" sizes=\"(max-width: 150px) 100vw, 150px\" \/><figcaption class=\"wp-element-caption\">Resoluci\u00f3n Sanitaria para locales con consumo<\/figcaption><\/figure>\n\n\n\n<p><font style=\"vertical-align: inherit;\"><font style=\"vertical-align: inherit;\"><font style=\"vertical-align: inherit;\"><font style=\"vertical-align: inherit;\"><font style=\"vertical-align: inherit;\"><font style=\"vertical-align: inherit;\">Ingresan en esta categor\u00eda aquellos establecimientos que elaboran alimentos  <\/font><\/font><\/font><\/font>y que cuentan con un sector de comedores para el p\u00fablico<\/font><\/font>.<\/p>\n\n\n\n<p><font style=\"vertical-align: inherit;\"><font style=\"vertical-align: inherit;\"><font style=\"vertical-align: inherit;\"><font style=\"vertical-align: inherit;\"><font style=\"vertical-align: inherit;\"><font style=\"vertical-align: inherit;\">Los fines otorgados se detallan a continuaci\u00f3n:  <\/font><\/font><\/font><\/font><\/font><\/font><\/p>\n\n\n\n<ul>\n<li>Restaurante<\/li>\n\n\n\n<li>Casino de alimentos<\/li>\n\n\n\n<li>Fuente de Soda<\/li>\n\n\n\n<li>Cafeter\u00eda<\/li>\n\n\n\n<li>Entre otros<\/li>\n<\/ul>\n\n\n\n<blockquote class=\"wp-block-quote\">\n<p><strong>Esta categor\u00eda se diferencia de la comida al paso,  ya que deber\u00e1 contar con comedores y servicios higi\u00e9nicos para el p\u00fablico de forma exclusiva.  <\/strong> <\/p>\n<\/blockquote>\n\n\n\n<p>Cotiza tu asesor\u00eda y\/o tramitaci\u00f3n de la autorizaci\u00f3n sanitaria de alimentos pinchando <a href=\"http:\/\/resolucionsanitariadealimentos.cl\/index.php\/contacto\/\">aqu\u00ed<\/a><\/p>\n","protected":false},"excerpt":{"rendered":"<p>Ingresan en esta categor\u00eda aquellos establecimientos que elaboran alimentos y que cuentan con un sector de comedores para el p\u00fablico. Los fines otorgados se detallan a continuaci\u00f3n: Esta categor\u00eda se diferencia de la comida al paso, ya que deber\u00e1 contar con comedores y servicios higi\u00e9nicos para el p\u00fablico de forma exclusiva. Cotiza tu asesor\u00eda y\/o [&hellip;]<\/p>\n","protected":false},"author":1,"featured_media":0,"parent":0,"menu_order":0,"comment_status":"closed","ping_status":"open","template":"","meta":[],"yoast_head":"<!-- This site is optimized with the Yoast SEO plugin v21.6 - https:\/\/yoast.com\/wordpress\/plugins\/seo\/ -->\n<title>Resoluci\u00f3n sanitaria para elaboraci\u00f3n de alimentos con consumo - Resoluci\u00f3n Sanitaria de Alimentos<\/title>\n<meta name=\"description\" content=\"Resoluci\u00f3n sanitaria o autorizaci\u00f3n sanitaria de alimentos para restaurante, fuente de soda,cafeter\u00eda, casino de alimentos y m\u00e1s.\" \/>\n<meta name=\"robots\" content=\"index, follow, max-snippet:-1, max-image-preview:large, max-video-preview:-1\" \/>\n<link rel=\"canonical\" href=\"https:\/\/resolucionsanitariadealimentos.cl\/index.php\/resolucion-para-restaurante\/\" \/>\n<meta property=\"og:locale\" content=\"es_ES\" \/>\n<meta property=\"og:type\" content=\"article\" \/>\n<meta property=\"og:title\" content=\"Resoluci\u00f3n sanitaria para elaboraci\u00f3n de alimentos con consumo - Resoluci\u00f3n Sanitaria de Alimentos\" \/>\n<meta property=\"og:description\" content=\"Resoluci\u00f3n sanitaria o autorizaci\u00f3n sanitaria de alimentos para restaurante, fuente de soda,cafeter\u00eda, casino de alimentos y m\u00e1s.\" \/>\n<meta property=\"og:url\" content=\"https:\/\/resolucionsanitariadealimentos.cl\/index.php\/resolucion-para-restaurante\/\" \/>\n<meta property=\"og:site_name\" content=\"Resoluci\u00f3n Sanitaria de Alimentos\" \/>\n<meta property=\"article:modified_time\" content=\"2023-03-31T22:53:56+00:00\" \/>\n<meta property=\"og:image\" content=\"https:\/\/resolucionsanitariadealimentos.cl\/wp-content\/uploads\/2023\/03\/820-150x150.jpg\" \/>\n<meta name=\"twitter:card\" content=\"summary_large_image\" \/>\n<meta name=\"twitter:label1\" content=\"Est. reading time\" \/>\n\t<meta name=\"twitter:data1\" content=\"1 minuto\" \/>\n<script type=\"application\/ld+json\" class=\"yoast-schema-graph\">{\"@context\":\"https:\/\/schema.org\",\"@graph\":[{\"@type\":\"WebPage\",\"@id\":\"https:\/\/resolucionsanitariadealimentos.cl\/index.php\/resolucion-para-restaurante\/\",\"url\":\"https:\/\/resolucionsanitariadealimentos.cl\/index.php\/resolucion-para-restaurante\/\",\"name\":\"Resoluci\u00f3n sanitaria para elaboraci\u00f3n de alimentos con consumo - Resoluci\u00f3n Sanitaria de Alimentos\",\"isPartOf\":{\"@id\":\"https:\/\/resolucionsanitariadealimentos.cl\/#website\"},\"datePublished\":\"2019-01-23T15:56:32+00:00\",\"dateModified\":\"2023-03-31T22:53:56+00:00\",\"description\":\"Resoluci\u00f3n sanitaria o autorizaci\u00f3n sanitaria de alimentos para restaurante, fuente de soda,cafeter\u00eda, casino de alimentos y m\u00e1s.\",\"breadcrumb\":{\"@id\":\"https:\/\/resolucionsanitariadealimentos.cl\/index.php\/resolucion-para-restaurante\/#breadcrumb\"},\"inLanguage\":\"es-CL\",\"potentialAction\":[{\"@type\":\"ReadAction\",\"target\":[\"https:\/\/resolucionsanitariadealimentos.cl\/index.php\/resolucion-para-restaurante\/\"]}]},{\"@type\":\"BreadcrumbList\",\"@id\":\"https:\/\/resolucionsanitariadealimentos.cl\/index.php\/resolucion-para-restaurante\/#breadcrumb\",\"itemListElement\":[{\"@type\":\"ListItem\",\"position\":1,\"name\":\"Inicio\",\"item\":\"https:\/\/resolucionsanitariadealimentos.cl\/\"},{\"@type\":\"ListItem\",\"position\":2,\"name\":\"Resoluci\u00f3n sanitaria para elaboraci\u00f3n de alimentos con consumo\"}]},{\"@type\":\"WebSite\",\"@id\":\"https:\/\/resolucionsanitariadealimentos.cl\/#website\",\"url\":\"https:\/\/resolucionsanitariadealimentos.cl\/\",\"name\":\"Resoluci\u00f3n Sanitaria de Alimentos\",\"description\":\"Asesor\u00eda y tramitaci\u00f3n de Resoluci\u00f3n Sanitaria de Alimentos\",\"potentialAction\":[{\"@type\":\"SearchAction\",\"target\":{\"@type\":\"EntryPoint\",\"urlTemplate\":\"https:\/\/resolucionsanitariadealimentos.cl\/?s={search_term_string}\"},\"query-input\":\"required name=search_term_string\"}],\"inLanguage\":\"es-CL\"}]}<\/script>\n<!-- \/ Yoast SEO plugin. -->","yoast_head_json":{"title":"Resoluci\u00f3n sanitaria para elaboraci\u00f3n de alimentos con consumo - Resoluci\u00f3n Sanitaria de Alimentos","description":"Resoluci\u00f3n sanitaria o autorizaci\u00f3n sanitaria de alimentos para restaurante, fuente de soda,cafeter\u00eda, casino de alimentos y m\u00e1s.","robots":{"index":"index","follow":"follow","max-snippet":"max-snippet:-1","max-image-preview":"max-image-preview:large","max-video-preview":"max-video-preview:-1"},"canonical":"https:\/\/resolucionsanitariadealimentos.cl\/index.php\/resolucion-para-restaurante\/","og_locale":"es_ES","og_type":"article","og_title":"Resoluci\u00f3n sanitaria para elaboraci\u00f3n de alimentos con consumo - Resoluci\u00f3n Sanitaria de Alimentos","og_description":"Resoluci\u00f3n sanitaria o autorizaci\u00f3n sanitaria de alimentos para restaurante, fuente de soda,cafeter\u00eda, casino de alimentos y m\u00e1s.","og_url":"https:\/\/resolucionsanitariadealimentos.cl\/index.php\/resolucion-para-restaurante\/","og_site_name":"Resoluci\u00f3n Sanitaria de Alimentos","article_modified_time":"2023-03-31T22:53:56+00:00","og_image":[{"url":"https:\/\/resolucionsanitariadealimentos.cl\/wp-content\/uploads\/2023\/03\/820-150x150.jpg"}],"twitter_card":"summary_large_image","twitter_misc":{"Est. reading time":"1 minuto"},"schema":{"@context":"https:\/\/schema.org","@graph":[{"@type":"WebPage","@id":"https:\/\/resolucionsanitariadealimentos.cl\/index.php\/resolucion-para-restaurante\/","url":"https:\/\/resolucionsanitariadealimentos.cl\/index.php\/resolucion-para-restaurante\/","name":"Resoluci\u00f3n sanitaria para elaboraci\u00f3n de alimentos con consumo - Resoluci\u00f3n Sanitaria de Alimentos","isPartOf":{"@id":"https:\/\/resolucionsanitariadealimentos.cl\/#website"},"datePublished":"2019-01-23T15:56:32+00:00","dateModified":"2023-03-31T22:53:56+00:00","description":"Resoluci\u00f3n sanitaria o autorizaci\u00f3n sanitaria de alimentos para restaurante, fuente de soda,cafeter\u00eda, casino de alimentos y m\u00e1s.","breadcrumb":{"@id":"https:\/\/resolucionsanitariadealimentos.cl\/index.php\/resolucion-para-restaurante\/#breadcrumb"},"inLanguage":"es-CL","potentialAction":[{"@type":"ReadAction","target":["https:\/\/resolucionsanitariadealimentos.cl\/index.php\/resolucion-para-restaurante\/"]}]},{"@type":"BreadcrumbList","@id":"https:\/\/resolucionsanitariadealimentos.cl\/index.php\/resolucion-para-restaurante\/#breadcrumb","itemListElement":[{"@type":"ListItem","position":1,"name":"Inicio","item":"https:\/\/resolucionsanitariadealimentos.cl\/"},{"@type":"ListItem","position":2,"name":"Resoluci\u00f3n sanitaria para elaboraci\u00f3n de alimentos con consumo"}]},{"@type":"WebSite","@id":"https:\/\/resolucionsanitariadealimentos.cl\/#website","url":"https:\/\/resolucionsanitariadealimentos.cl\/","name":"Resoluci\u00f3n Sanitaria de Alimentos","description":"Asesor\u00eda y tramitaci\u00f3n de Resoluci\u00f3n Sanitaria de Alimentos","potentialAction":[{"@type":"SearchAction","target":{"@type":"EntryPoint","urlTemplate":"https:\/\/resolucionsanitariadealimentos.cl\/?s={search_term_string}"},"query-input":"required name=search_term_string"}],"inLanguage":"es-CL"}]}},"amp_enabled":true,"_links":{"self":[{"href":"https:\/\/resolucionsanitariadealimentos.cl\/index.php\/wp-json\/wp\/v2\/pages\/2"}],"collection":[{"href":"https:\/\/resolucionsanitariadealimentos.cl\/index.php\/wp-json\/wp\/v2\/pages"}],"about":[{"href":"https:\/\/resolucionsanitariadealimentos.cl\/index.php\/wp-json\/wp\/v2\/types\/page"}],"author":[{"embeddable":true,"href":"https:\/\/resolucionsanitariadealimentos.cl\/index.php\/wp-json\/wp\/v2\/users\/1"}],"replies":[{"embeddable":true,"href":"https:\/\/resolucionsanitariadealimentos.cl\/index.php\/wp-json\/wp\/v2\/comments?post=2"}],"version-history":[{"count":19,"href":"https:\/\/resolucionsanitariadealimentos.cl\/index.php\/wp-json\/wp\/v2\/pages\/2\/revisions"}],"predecessor-version":[{"id":920,"href":"https:\/\/resolucionsanitariadealimentos.cl\/index.php\/wp-json\/wp\/v2\/pages\/2\/revisions\/920"}],"wp:attachment":[{"href":"https:\/\/resolucionsanitariadealimentos.cl\/index.php\/wp-json\/wp\/v2\/media?parent=2"}],"curies":[{"name":"wp","href":"https:\/\/api.w.org\/{rel}","templated":true}]}}