{"id":22,"date":"2019-01-24T21:30:09","date_gmt":"2019-01-24T21:30:09","guid":{"rendered":"http:\/\/resolucionsanitariadealimentos.cl\/?page_id=22"},"modified":"2023-02-09T18:40:22","modified_gmt":"2023-02-09T18:40:22","slug":"resolucion-distribuidora-de-alimentos","status":"publish","type":"page","link":"https:\/\/resolucionsanitariadealimentos.cl\/index.php\/resolucion-distribuidora-de-alimentos\/","title":{"rendered":"Resoluci\u00f3n sanitaria para Distribuidora de Alimentos"},"content":{"rendered":"<div class=\"wp-block-image\">\n<figure class=\"aligncenter size-large is-resized\"><img decoding=\"async\" loading=\"lazy\" src=\"https:\/\/resolucionsanitariadealimentos.cl\/wp-content\/uploads\/2023\/01\/DISTRIBUIDORA-DE-ALIMENTOS-1-1024x485.jpg\" alt=\"\" class=\"wp-image-765\" width=\"256\" height=\"121\" srcset=\"https:\/\/resolucionsanitariadealimentos.cl\/wp-content\/uploads\/2023\/01\/DISTRIBUIDORA-DE-ALIMENTOS-1-1024x485.jpg 1024w, https:\/\/resolucionsanitariadealimentos.cl\/wp-content\/uploads\/2023\/01\/DISTRIBUIDORA-DE-ALIMENTOS-1-300x142.jpg 300w, https:\/\/resolucionsanitariadealimentos.cl\/wp-content\/uploads\/2023\/01\/DISTRIBUIDORA-DE-ALIMENTOS-1-768x363.jpg 768w, https:\/\/resolucionsanitariadealimentos.cl\/wp-content\/uploads\/2023\/01\/DISTRIBUIDORA-DE-ALIMENTOS-1-1536x727.jpg 1536w, https:\/\/resolucionsanitariadealimentos.cl\/wp-content\/uploads\/2023\/01\/DISTRIBUIDORA-DE-ALIMENTOS-1-2048x969.jpg 2048w\" sizes=\"(max-width: 256px) 100vw, 256px\" \/><figcaption class=\"wp-element-caption\">Autorizaci\u00f3n sanitaria para distribuidora de alimentos.<\/figcaption><\/figure><\/div>\n\n\n<p>Ingresan en esta categor\u00eda aquellas bodegas dedicadas de forma exclusiva a la distribuci\u00f3n de alimentos, cuando son ubicadas en una direcci\u00f3n distinta al establecimiento de elaboraci\u00f3n. <\/p>\n\n\n\n<p>El fin otorgado se ejemplifica a continuaci\u00f3n:<\/p>\n\n\n\n<ul>\n<li><font style=\"vertical-align: inherit;\"><font style=\"vertical-align: inherit;\">Distribuir alimentos que no requieren refrigeraci\u00f3n.<\/font><\/font><\/li>\n\n\n\n<li><font style=\"vertical-align: inherit;\"><font style=\"vertical-align: inherit;\">Distribuidora de alimentos refrigerados.<\/font><\/font><\/li>\n\n\n\n<li><font style=\"vertical-align: inherit;\"><font style=\"vertical-align: inherit;\">Distribuidora de alimentos congelados<\/font><\/font><\/li>\n<\/ul>\n\n\n\n<p>Cotiza tu autorizaci\u00f3n sanitaria de alimentos pinchando <a href=\"http:\/\/resolucionsanitariadealimentos.cl\/index.php\/contacto\/\">aqu\u00ed.<\/a><\/p>\n","protected":false},"excerpt":{"rendered":"<p>Ingresan en esta categor\u00eda aquellas bodegas dedicadas de forma exclusiva a la distribuci\u00f3n de alimentos, cuando son ubicadas en una direcci\u00f3n distinta al establecimiento de elaboraci\u00f3n. El fin otorgado se ejemplifica a continuaci\u00f3n: Cotiza tu autorizaci\u00f3n sanitaria de alimentos pinchando aqu\u00ed.<\/p>\n","protected":false},"author":1,"featured_media":382,"parent":0,"menu_order":0,"comment_status":"closed","ping_status":"closed","template":"","meta":[],"yoast_head":"<!-- This site is optimized with the Yoast SEO plugin v21.6 - https:\/\/yoast.com\/wordpress\/plugins\/seo\/ -->\n<title>Resoluci\u00f3n sanitaria para Distribuidora de Alimentos - Resoluci\u00f3n Sanitaria de Alimentos<\/title>\n<meta name=\"robots\" content=\"index, follow, max-snippet:-1, max-image-preview:large, max-video-preview:-1\" \/>\n<link rel=\"canonical\" href=\"https:\/\/resolucionsanitariadealimentos.cl\/index.php\/resolucion-distribuidora-de-alimentos\/\" \/>\n<meta property=\"og:locale\" content=\"es_ES\" \/>\n<meta property=\"og:type\" content=\"article\" \/>\n<meta property=\"og:title\" content=\"Resoluci\u00f3n sanitaria para Distribuidora de Alimentos - Resoluci\u00f3n Sanitaria de Alimentos\" \/>\n<meta property=\"og:description\" content=\"Ingresan en esta categor\u00eda aquellas bodegas dedicadas de forma exclusiva a la distribuci\u00f3n de alimentos, cuando son ubicadas en una direcci\u00f3n distinta al establecimiento de elaboraci\u00f3n. El fin otorgado se ejemplifica a continuaci\u00f3n: Cotiza tu autorizaci\u00f3n sanitaria de alimentos pinchando aqu\u00ed.\" \/>\n<meta property=\"og:url\" content=\"https:\/\/resolucionsanitariadealimentos.cl\/index.php\/resolucion-distribuidora-de-alimentos\/\" \/>\n<meta property=\"og:site_name\" content=\"Resoluci\u00f3n Sanitaria de Alimentos\" \/>\n<meta property=\"article:modified_time\" content=\"2023-02-09T18:40:22+00:00\" \/>\n<meta property=\"og:image\" content=\"https:\/\/resolucionsanitariadealimentos.cl\/wp-content\/uploads\/2019\/07\/distribuidora-de-alimentos.jpg\" \/>\n\t<meta property=\"og:image:width\" content=\"681\" \/>\n\t<meta property=\"og:image:height\" content=\"480\" \/>\n\t<meta property=\"og:image:type\" content=\"image\/jpeg\" \/>\n<meta name=\"twitter:card\" content=\"summary_large_image\" \/>\n<meta name=\"twitter:label1\" content=\"Est. reading time\" \/>\n\t<meta name=\"twitter:data1\" content=\"1 minuto\" \/>\n<script type=\"application\/ld+json\" class=\"yoast-schema-graph\">{\"@context\":\"https:\/\/schema.org\",\"@graph\":[{\"@type\":\"WebPage\",\"@id\":\"https:\/\/resolucionsanitariadealimentos.cl\/index.php\/resolucion-distribuidora-de-alimentos\/\",\"url\":\"https:\/\/resolucionsanitariadealimentos.cl\/index.php\/resolucion-distribuidora-de-alimentos\/\",\"name\":\"Resoluci\u00f3n sanitaria para Distribuidora de Alimentos - Resoluci\u00f3n Sanitaria de Alimentos\",\"isPartOf\":{\"@id\":\"https:\/\/resolucionsanitariadealimentos.cl\/#website\"},\"datePublished\":\"2019-01-24T21:30:09+00:00\",\"dateModified\":\"2023-02-09T18:40:22+00:00\",\"breadcrumb\":{\"@id\":\"https:\/\/resolucionsanitariadealimentos.cl\/index.php\/resolucion-distribuidora-de-alimentos\/#breadcrumb\"},\"inLanguage\":\"es-CL\",\"potentialAction\":[{\"@type\":\"ReadAction\",\"target\":[\"https:\/\/resolucionsanitariadealimentos.cl\/index.php\/resolucion-distribuidora-de-alimentos\/\"]}]},{\"@type\":\"BreadcrumbList\",\"@id\":\"https:\/\/resolucionsanitariadealimentos.cl\/index.php\/resolucion-distribuidora-de-alimentos\/#breadcrumb\",\"itemListElement\":[{\"@type\":\"ListItem\",\"position\":1,\"name\":\"Inicio\",\"item\":\"https:\/\/resolucionsanitariadealimentos.cl\/\"},{\"@type\":\"ListItem\",\"position\":2,\"name\":\"Resoluci\u00f3n sanitaria para Distribuidora de Alimentos\"}]},{\"@type\":\"WebSite\",\"@id\":\"https:\/\/resolucionsanitariadealimentos.cl\/#website\",\"url\":\"https:\/\/resolucionsanitariadealimentos.cl\/\",\"name\":\"Resoluci\u00f3n Sanitaria de Alimentos\",\"description\":\"Asesor\u00eda y tramitaci\u00f3n de Resoluci\u00f3n Sanitaria de Alimentos\",\"potentialAction\":[{\"@type\":\"SearchAction\",\"target\":{\"@type\":\"EntryPoint\",\"urlTemplate\":\"https:\/\/resolucionsanitariadealimentos.cl\/?s={search_term_string}\"},\"query-input\":\"required name=search_term_string\"}],\"inLanguage\":\"es-CL\"}]}<\/script>\n<!-- \/ Yoast SEO plugin. -->","yoast_head_json":{"title":"Resoluci\u00f3n sanitaria para Distribuidora de Alimentos - Resoluci\u00f3n Sanitaria de Alimentos","robots":{"index":"index","follow":"follow","max-snippet":"max-snippet:-1","max-image-preview":"max-image-preview:large","max-video-preview":"max-video-preview:-1"},"canonical":"https:\/\/resolucionsanitariadealimentos.cl\/index.php\/resolucion-distribuidora-de-alimentos\/","og_locale":"es_ES","og_type":"article","og_title":"Resoluci\u00f3n sanitaria para Distribuidora de Alimentos - Resoluci\u00f3n Sanitaria de Alimentos","og_description":"Ingresan en esta categor\u00eda aquellas bodegas dedicadas de forma exclusiva a la distribuci\u00f3n de alimentos, cuando son ubicadas en una direcci\u00f3n distinta al establecimiento de elaboraci\u00f3n. El fin otorgado se ejemplifica a continuaci\u00f3n: Cotiza tu autorizaci\u00f3n sanitaria de alimentos pinchando aqu\u00ed.","og_url":"https:\/\/resolucionsanitariadealimentos.cl\/index.php\/resolucion-distribuidora-de-alimentos\/","og_site_name":"Resoluci\u00f3n Sanitaria de Alimentos","article_modified_time":"2023-02-09T18:40:22+00:00","og_image":[{"width":681,"height":480,"url":"https:\/\/resolucionsanitariadealimentos.cl\/wp-content\/uploads\/2019\/07\/distribuidora-de-alimentos.jpg","type":"image\/jpeg"}],"twitter_card":"summary_large_image","twitter_misc":{"Est. reading time":"1 minuto"},"schema":{"@context":"https:\/\/schema.org","@graph":[{"@type":"WebPage","@id":"https:\/\/resolucionsanitariadealimentos.cl\/index.php\/resolucion-distribuidora-de-alimentos\/","url":"https:\/\/resolucionsanitariadealimentos.cl\/index.php\/resolucion-distribuidora-de-alimentos\/","name":"Resoluci\u00f3n sanitaria para Distribuidora de Alimentos - Resoluci\u00f3n Sanitaria de Alimentos","isPartOf":{"@id":"https:\/\/resolucionsanitariadealimentos.cl\/#website"},"datePublished":"2019-01-24T21:30:09+00:00","dateModified":"2023-02-09T18:40:22+00:00","breadcrumb":{"@id":"https:\/\/resolucionsanitariadealimentos.cl\/index.php\/resolucion-distribuidora-de-alimentos\/#breadcrumb"},"inLanguage":"es-CL","potentialAction":[{"@type":"ReadAction","target":["https:\/\/resolucionsanitariadealimentos.cl\/index.php\/resolucion-distribuidora-de-alimentos\/"]}]},{"@type":"BreadcrumbList","@id":"https:\/\/resolucionsanitariadealimentos.cl\/index.php\/resolucion-distribuidora-de-alimentos\/#breadcrumb","itemListElement":[{"@type":"ListItem","position":1,"name":"Inicio","item":"https:\/\/resolucionsanitariadealimentos.cl\/"},{"@type":"ListItem","position":2,"name":"Resoluci\u00f3n sanitaria para Distribuidora de Alimentos"}]},{"@type":"WebSite","@id":"https:\/\/resolucionsanitariadealimentos.cl\/#website","url":"https:\/\/resolucionsanitariadealimentos.cl\/","name":"Resoluci\u00f3n Sanitaria de Alimentos","description":"Asesor\u00eda y tramitaci\u00f3n de Resoluci\u00f3n Sanitaria de Alimentos","potentialAction":[{"@type":"SearchAction","target":{"@type":"EntryPoint","urlTemplate":"https:\/\/resolucionsanitariadealimentos.cl\/?s={search_term_string}"},"query-input":"required name=search_term_string"}],"inLanguage":"es-CL"}]}},"amp_enabled":true,"_links":{"self":[{"href":"https:\/\/resolucionsanitariadealimentos.cl\/index.php\/wp-json\/wp\/v2\/pages\/22"}],"collection":[{"href":"https:\/\/resolucionsanitariadealimentos.cl\/index.php\/wp-json\/wp\/v2\/pages"}],"about":[{"href":"https:\/\/resolucionsanitariadealimentos.cl\/index.php\/wp-json\/wp\/v2\/types\/page"}],"author":[{"embeddable":true,"href":"https:\/\/resolucionsanitariadealimentos.cl\/index.php\/wp-json\/wp\/v2\/users\/1"}],"replies":[{"embeddable":true,"href":"https:\/\/resolucionsanitariadealimentos.cl\/index.php\/wp-json\/wp\/v2\/comments?post=22"}],"version-history":[{"count":13,"href":"https:\/\/resolucionsanitariadealimentos.cl\/index.php\/wp-json\/wp\/v2\/pages\/22\/revisions"}],"predecessor-version":[{"id":768,"href":"https:\/\/resolucionsanitariadealimentos.cl\/index.php\/wp-json\/wp\/v2\/pages\/22\/revisions\/768"}],"wp:featuredmedia":[{"embeddable":true,"href":"https:\/\/resolucionsanitariadealimentos.cl\/index.php\/wp-json\/wp\/v2\/media\/382"}],"wp:attachment":[{"href":"https:\/\/resolucionsanitariadealimentos.cl\/index.php\/wp-json\/wp\/v2\/media?parent=22"}],"curies":[{"name":"wp","href":"https:\/\/api.w.org\/{rel}","templated":true}]}}