{"id":275,"date":"2019-04-04T15:30:40","date_gmt":"2019-04-04T15:30:40","guid":{"rendered":"http:\/\/resolucionsanitariadealimentos.cl\/?page_id=275"},"modified":"2023-02-23T13:46:41","modified_gmt":"2023-02-23T13:46:41","slug":"confeccion-etiquetado-nutricional","status":"publish","type":"page","link":"https:\/\/resolucionsanitariadealimentos.cl\/index.php\/confeccion-etiquetado-nutricional\/","title":{"rendered":"Confecci\u00f3n de Etiquetado Nutricional"},"content":{"rendered":"\n<figure class=\"wp-block-image alignleft size-large is-resized\"><img decoding=\"async\" loading=\"lazy\" src=\"https:\/\/resolucionsanitariadealimentos.cl\/wp-content\/uploads\/2022\/09\/Cuchufli-sin-azucar-envase-primario-01-1024x717.jpg\" alt=\"Etiquetado nutricional\nInformaci\u00f3n nutricional\nEtiqueta nutricional\nLey 20606\n\" class=\"wp-image-701\" width=\"256\" height=\"179\" srcset=\"https:\/\/resolucionsanitariadealimentos.cl\/wp-content\/uploads\/2022\/09\/Cuchufli-sin-azucar-envase-primario-01-1024x717.jpg 1024w, https:\/\/resolucionsanitariadealimentos.cl\/wp-content\/uploads\/2022\/09\/Cuchufli-sin-azucar-envase-primario-01-300x210.jpg 300w, https:\/\/resolucionsanitariadealimentos.cl\/wp-content\/uploads\/2022\/09\/Cuchufli-sin-azucar-envase-primario-01-768x538.jpg 768w, https:\/\/resolucionsanitariadealimentos.cl\/wp-content\/uploads\/2022\/09\/Cuchufli-sin-azucar-envase-primario-01.jpg 1182w\" sizes=\"(max-width: 256px) 100vw, 256px\" \/><figcaption class=\"wp-element-caption\">Etiquetado Nutricional <\/figcaption><\/figure>\n\n\n\n<p>Toda persona o empresa que envasa o importa sus alimentos, debe incorporar la informaci\u00f3n nutricional de los mismos en base al D.S. N\u00b0977 y Ley 20.606. Es requisito no excluyente para la obtenci\u00f3n satisfactoria de la Resoluci\u00f3n Sanitaria de alimentos. <\/p>\n\n\n\n<p>Si requieres asesor\u00eda profesional y\/o la confecci\u00f3n de la etiqueta nutricional  para tus productos elaborados, envasados o importados, cotiza con nosotros pinchando <a href=\"http:\/\/resolucionsanitariadealimentos.cl\/index.php\/contacto\/\">aqu\u00ed.<\/a><\/p>\n\n\n\n<p>Servicio realizado por una Nutricionista Profesional.<\/p>\n\n\n<div class=\"wp-block-image\">\n<figure class=\"aligncenter is-resized\"><img decoding=\"async\" loading=\"lazy\" src=\"http:\/\/resolucionsanitariadealimentos.cl\/wp-content\/uploads\/2019\/04\/P\u00e1gina-etiquetado-nutricional-1024x317.jpg\" alt=\"\" class=\"wp-image-276\" width=\"524\" height=\"162\" srcset=\"https:\/\/resolucionsanitariadealimentos.cl\/wp-content\/uploads\/2019\/04\/P\u00e1gina-etiquetado-nutricional-1024x317.jpg 1024w, https:\/\/resolucionsanitariadealimentos.cl\/wp-content\/uploads\/2019\/04\/P\u00e1gina-etiquetado-nutricional-300x93.jpg 300w, https:\/\/resolucionsanitariadealimentos.cl\/wp-content\/uploads\/2019\/04\/P\u00e1gina-etiquetado-nutricional-768x237.jpg 768w\" sizes=\"(max-width: 524px) 100vw, 524px\" \/><figcaption class=\"wp-element-caption\">Informaci\u00f3n Nutricional de los Alimentos.<\/figcaption><\/figure><\/div>","protected":false},"excerpt":{"rendered":"<p>Confecci\u00f3n de etiquetado nutricional basado en el D.S. 977.<\/p>\n","protected":false},"author":1,"featured_media":0,"parent":0,"menu_order":0,"comment_status":"closed","ping_status":"closed","template":"","meta":[],"yoast_head":"<!-- This site is optimized with the Yoast SEO plugin v21.6 - https:\/\/yoast.com\/wordpress\/plugins\/seo\/ -->\n<title>Confecci\u00f3n de Etiquetado Nutricional - Resoluci\u00f3n Sanitaria de Alimentos<\/title>\n<meta name=\"description\" content=\"Confeccionamos el etiquetado nutricional de tus productos alimenticios. Profesionalismo y responsabilidad.\" \/>\n<meta name=\"robots\" content=\"index, follow, max-snippet:-1, max-image-preview:large, max-video-preview:-1\" \/>\n<link rel=\"canonical\" href=\"https:\/\/resolucionsanitariadealimentos.cl\/index.php\/confeccion-etiquetado-nutricional\/\" \/>\n<meta property=\"og:locale\" content=\"es_ES\" \/>\n<meta property=\"og:type\" content=\"article\" \/>\n<meta property=\"og:title\" content=\"Confecci\u00f3n de Etiquetado Nutricional - Resoluci\u00f3n Sanitaria de Alimentos\" \/>\n<meta property=\"og:description\" content=\"Confeccionamos el etiquetado nutricional de tus productos alimenticios. Profesionalismo y responsabilidad.\" \/>\n<meta property=\"og:url\" content=\"https:\/\/resolucionsanitariadealimentos.cl\/index.php\/confeccion-etiquetado-nutricional\/\" \/>\n<meta property=\"og:site_name\" content=\"Resoluci\u00f3n Sanitaria de Alimentos\" \/>\n<meta property=\"article:modified_time\" content=\"2023-02-23T13:46:41+00:00\" \/>\n<meta property=\"og:image\" content=\"https:\/\/resolucionsanitariadealimentos.cl\/wp-content\/uploads\/2022\/09\/Cuchufli-sin-azucar-envase-primario-01-1024x717.jpg\" \/>\n<meta name=\"twitter:card\" content=\"summary_large_image\" \/>\n<meta name=\"twitter:label1\" content=\"Est. reading time\" \/>\n\t<meta name=\"twitter:data1\" content=\"1 minuto\" \/>\n<script type=\"application\/ld+json\" class=\"yoast-schema-graph\">{\"@context\":\"https:\/\/schema.org\",\"@graph\":[{\"@type\":\"WebPage\",\"@id\":\"https:\/\/resolucionsanitariadealimentos.cl\/index.php\/confeccion-etiquetado-nutricional\/\",\"url\":\"https:\/\/resolucionsanitariadealimentos.cl\/index.php\/confeccion-etiquetado-nutricional\/\",\"name\":\"Confecci\u00f3n de Etiquetado Nutricional - Resoluci\u00f3n Sanitaria de Alimentos\",\"isPartOf\":{\"@id\":\"https:\/\/resolucionsanitariadealimentos.cl\/#website\"},\"datePublished\":\"2019-04-04T15:30:40+00:00\",\"dateModified\":\"2023-02-23T13:46:41+00:00\",\"description\":\"Confeccionamos el etiquetado nutricional de tus productos alimenticios. Profesionalismo y responsabilidad.\",\"breadcrumb\":{\"@id\":\"https:\/\/resolucionsanitariadealimentos.cl\/index.php\/confeccion-etiquetado-nutricional\/#breadcrumb\"},\"inLanguage\":\"es-CL\",\"potentialAction\":[{\"@type\":\"ReadAction\",\"target\":[\"https:\/\/resolucionsanitariadealimentos.cl\/index.php\/confeccion-etiquetado-nutricional\/\"]}]},{\"@type\":\"BreadcrumbList\",\"@id\":\"https:\/\/resolucionsanitariadealimentos.cl\/index.php\/confeccion-etiquetado-nutricional\/#breadcrumb\",\"itemListElement\":[{\"@type\":\"ListItem\",\"position\":1,\"name\":\"Inicio\",\"item\":\"https:\/\/resolucionsanitariadealimentos.cl\/\"},{\"@type\":\"ListItem\",\"position\":2,\"name\":\"Confecci\u00f3n de Etiquetado Nutricional\"}]},{\"@type\":\"WebSite\",\"@id\":\"https:\/\/resolucionsanitariadealimentos.cl\/#website\",\"url\":\"https:\/\/resolucionsanitariadealimentos.cl\/\",\"name\":\"Resoluci\u00f3n Sanitaria de Alimentos\",\"description\":\"Asesor\u00eda y tramitaci\u00f3n de Resoluci\u00f3n Sanitaria de Alimentos\",\"potentialAction\":[{\"@type\":\"SearchAction\",\"target\":{\"@type\":\"EntryPoint\",\"urlTemplate\":\"https:\/\/resolucionsanitariadealimentos.cl\/?s={search_term_string}\"},\"query-input\":\"required name=search_term_string\"}],\"inLanguage\":\"es-CL\"}]}<\/script>\n<!-- \/ Yoast SEO plugin. -->","yoast_head_json":{"title":"Confecci\u00f3n de Etiquetado Nutricional - Resoluci\u00f3n Sanitaria de Alimentos","description":"Confeccionamos el etiquetado nutricional de tus productos alimenticios. Profesionalismo y responsabilidad.","robots":{"index":"index","follow":"follow","max-snippet":"max-snippet:-1","max-image-preview":"max-image-preview:large","max-video-preview":"max-video-preview:-1"},"canonical":"https:\/\/resolucionsanitariadealimentos.cl\/index.php\/confeccion-etiquetado-nutricional\/","og_locale":"es_ES","og_type":"article","og_title":"Confecci\u00f3n de Etiquetado Nutricional - Resoluci\u00f3n Sanitaria de Alimentos","og_description":"Confeccionamos el etiquetado nutricional de tus productos alimenticios. Profesionalismo y responsabilidad.","og_url":"https:\/\/resolucionsanitariadealimentos.cl\/index.php\/confeccion-etiquetado-nutricional\/","og_site_name":"Resoluci\u00f3n Sanitaria de Alimentos","article_modified_time":"2023-02-23T13:46:41+00:00","og_image":[{"url":"https:\/\/resolucionsanitariadealimentos.cl\/wp-content\/uploads\/2022\/09\/Cuchufli-sin-azucar-envase-primario-01-1024x717.jpg"}],"twitter_card":"summary_large_image","twitter_misc":{"Est. reading time":"1 minuto"},"schema":{"@context":"https:\/\/schema.org","@graph":[{"@type":"WebPage","@id":"https:\/\/resolucionsanitariadealimentos.cl\/index.php\/confeccion-etiquetado-nutricional\/","url":"https:\/\/resolucionsanitariadealimentos.cl\/index.php\/confeccion-etiquetado-nutricional\/","name":"Confecci\u00f3n de Etiquetado Nutricional - Resoluci\u00f3n Sanitaria de Alimentos","isPartOf":{"@id":"https:\/\/resolucionsanitariadealimentos.cl\/#website"},"datePublished":"2019-04-04T15:30:40+00:00","dateModified":"2023-02-23T13:46:41+00:00","description":"Confeccionamos el etiquetado nutricional de tus productos alimenticios. Profesionalismo y responsabilidad.","breadcrumb":{"@id":"https:\/\/resolucionsanitariadealimentos.cl\/index.php\/confeccion-etiquetado-nutricional\/#breadcrumb"},"inLanguage":"es-CL","potentialAction":[{"@type":"ReadAction","target":["https:\/\/resolucionsanitariadealimentos.cl\/index.php\/confeccion-etiquetado-nutricional\/"]}]},{"@type":"BreadcrumbList","@id":"https:\/\/resolucionsanitariadealimentos.cl\/index.php\/confeccion-etiquetado-nutricional\/#breadcrumb","itemListElement":[{"@type":"ListItem","position":1,"name":"Inicio","item":"https:\/\/resolucionsanitariadealimentos.cl\/"},{"@type":"ListItem","position":2,"name":"Confecci\u00f3n de Etiquetado Nutricional"}]},{"@type":"WebSite","@id":"https:\/\/resolucionsanitariadealimentos.cl\/#website","url":"https:\/\/resolucionsanitariadealimentos.cl\/","name":"Resoluci\u00f3n Sanitaria de Alimentos","description":"Asesor\u00eda y tramitaci\u00f3n de Resoluci\u00f3n Sanitaria de Alimentos","potentialAction":[{"@type":"SearchAction","target":{"@type":"EntryPoint","urlTemplate":"https:\/\/resolucionsanitariadealimentos.cl\/?s={search_term_string}"},"query-input":"required name=search_term_string"}],"inLanguage":"es-CL"}]}},"amp_enabled":true,"_links":{"self":[{"href":"https:\/\/resolucionsanitariadealimentos.cl\/index.php\/wp-json\/wp\/v2\/pages\/275"}],"collection":[{"href":"https:\/\/resolucionsanitariadealimentos.cl\/index.php\/wp-json\/wp\/v2\/pages"}],"about":[{"href":"https:\/\/resolucionsanitariadealimentos.cl\/index.php\/wp-json\/wp\/v2\/types\/page"}],"author":[{"embeddable":true,"href":"https:\/\/resolucionsanitariadealimentos.cl\/index.php\/wp-json\/wp\/v2\/users\/1"}],"replies":[{"embeddable":true,"href":"https:\/\/resolucionsanitariadealimentos.cl\/index.php\/wp-json\/wp\/v2\/comments?post=275"}],"version-history":[{"count":14,"href":"https:\/\/resolucionsanitariadealimentos.cl\/index.php\/wp-json\/wp\/v2\/pages\/275\/revisions"}],"predecessor-version":[{"id":895,"href":"https:\/\/resolucionsanitariadealimentos.cl\/index.php\/wp-json\/wp\/v2\/pages\/275\/revisions\/895"}],"wp:attachment":[{"href":"https:\/\/resolucionsanitariadealimentos.cl\/index.php\/wp-json\/wp\/v2\/media?parent=275"}],"curies":[{"name":"wp","href":"https:\/\/api.w.org\/{rel}","templated":true}]}}