{"id":501,"date":"2019-07-25T16:02:38","date_gmt":"2019-07-25T16:02:38","guid":{"rendered":"http:\/\/resolucionsanitariadealimentos.cl\/?page_id=501"},"modified":"2023-02-09T18:40:12","modified_gmt":"2023-02-09T18:40:12","slug":"asesoria-en-resolucion-sanitaria-de-alimentos","status":"publish","type":"page","link":"https:\/\/resolucionsanitariadealimentos.cl\/index.php\/asesoria-en-resolucion-sanitaria-de-alimentos\/","title":{"rendered":"Asesor\u00eda en Resoluci\u00f3n Sanitaria de Alimentos"},"content":{"rendered":"\n<h3 class=\"wp-block-heading\">Asesor\u00eda en Autorizaci\u00f3n Sanitaria de Alimentos<\/h3>\n\n\n\n<h4 class=\"wp-block-heading\">Necesitas informaci\u00f3n para implementar tu negocio de alimentos adecuadamente? Ases\u00f3rate con expertos. <\/h4>\n\n\n<div class=\"wp-block-image\">\n<figure class=\"alignright is-resized\"><img decoding=\"async\" loading=\"lazy\" src=\"http:\/\/resolucionsanitariadealimentos.cl\/wp-content\/uploads\/2019\/07\/foto-Daniela-Asesora-1024x768.jpg\" alt=\"Asesor en resoluci\u00f3n sanitaria de alimentos, asesora en resoluci\u00f3n sanitaria de alimentos, resoluci\u00f3n de alimentos, autorizaci\u00f3n de alimentos.\" class=\"wp-image-504\" width=\"230\" height=\"172\" srcset=\"https:\/\/resolucionsanitariadealimentos.cl\/wp-content\/uploads\/2019\/07\/foto-Daniela-Asesora.jpg 1024w, https:\/\/resolucionsanitariadealimentos.cl\/wp-content\/uploads\/2019\/07\/foto-Daniela-Asesora-300x225.jpg 300w, https:\/\/resolucionsanitariadealimentos.cl\/wp-content\/uploads\/2019\/07\/foto-Daniela-Asesora-768x576.jpg 768w\" sizes=\"(max-width: 230px) 100vw, 230px\" \/><figcaption>Asesor\u00eda en Resoluci\u00f3n Sanitaria de Alimentos<\/figcaption><\/figure><\/div>\n\n\n<p>Te asesoramos en:<\/p>\n\n\n\n<ul><li>Condiciones sanitaria con las que debe contar tu proyecto para ser aprobado por la Seremi de Salud, antes, durante o post construcci\u00f3n, en base a la normativa legal vigente. <\/li><\/ul>\n\n\n\n<ul><li>Informaci\u00f3n que debe ser recopilada para ingresar el tr\u00e1mite de Autorizaci\u00f3n Sanitaria de Alimentos.<\/li><\/ul>\n\n\n\n<p><\/p>\n\n\n\n<p>Cotiza tu asesor\u00eda en resoluci\u00f3n sanitaria de alimentos haciendo click <a href=\"http:\/\/resolucionsanitariadealimentos.cl\/index.php\/contacto\/\">aqu\u00ed.<\/a><\/p>\n","protected":false},"excerpt":{"rendered":"<p>Asesor\u00eda en Autorizaci\u00f3n Sanitaria de Alimentos Necesitas informaci\u00f3n para implementar tu negocio de alimentos adecuadamente? Ases\u00f3rate con expertos. Te asesoramos en: Condiciones sanitaria con las que debe contar tu proyecto para ser aprobado por la Seremi de Salud, antes, durante o post construcci\u00f3n, en base a la normativa legal vigente. Informaci\u00f3n que debe ser recopilada [&hellip;]<\/p>\n","protected":false},"author":1,"featured_media":0,"parent":0,"menu_order":0,"comment_status":"closed","ping_status":"closed","template":"","meta":[],"yoast_head":"<!-- This site is optimized with the Yoast SEO plugin v21.6 - https:\/\/yoast.com\/wordpress\/plugins\/seo\/ -->\n<title>\u25ba Asesor\u00eda en Resoluci\u00f3n Sanitaria de Alimentos<\/title>\n<meta name=\"description\" content=\"Asesor\u00eda profesional para implementar tu proyecto de alimentos en base a las condiciones exigidas por la Seremi de Salud.\" \/>\n<meta name=\"robots\" content=\"index, follow, max-snippet:-1, max-image-preview:large, max-video-preview:-1\" \/>\n<link rel=\"canonical\" href=\"https:\/\/resolucionsanitariadealimentos.cl\/index.php\/asesoria-en-resolucion-sanitaria-de-alimentos\/\" \/>\n<meta property=\"og:locale\" content=\"es_ES\" \/>\n<meta property=\"og:type\" content=\"article\" \/>\n<meta property=\"og:title\" content=\"\u25ba Asesor\u00eda en Resoluci\u00f3n Sanitaria de Alimentos\" \/>\n<meta property=\"og:description\" content=\"Asesor\u00eda profesional para implementar tu proyecto de alimentos en base a las condiciones exigidas por la Seremi de Salud.\" \/>\n<meta property=\"og:url\" content=\"https:\/\/resolucionsanitariadealimentos.cl\/index.php\/asesoria-en-resolucion-sanitaria-de-alimentos\/\" \/>\n<meta property=\"og:site_name\" content=\"Resoluci\u00f3n Sanitaria de Alimentos\" \/>\n<meta property=\"article:modified_time\" content=\"2023-02-09T18:40:12+00:00\" \/>\n<meta property=\"og:image\" content=\"http:\/\/resolucionsanitariadealimentos.cl\/wp-content\/uploads\/2019\/07\/foto-Daniela-Asesora-1024x768.jpg\" \/>\n<meta name=\"twitter:card\" content=\"summary_large_image\" \/>\n<meta name=\"twitter:label1\" content=\"Est. reading time\" \/>\n\t<meta name=\"twitter:data1\" content=\"1 minuto\" \/>\n<script type=\"application\/ld+json\" class=\"yoast-schema-graph\">{\"@context\":\"https:\/\/schema.org\",\"@graph\":[{\"@type\":\"WebPage\",\"@id\":\"https:\/\/resolucionsanitariadealimentos.cl\/index.php\/asesoria-en-resolucion-sanitaria-de-alimentos\/\",\"url\":\"https:\/\/resolucionsanitariadealimentos.cl\/index.php\/asesoria-en-resolucion-sanitaria-de-alimentos\/\",\"name\":\"\u25ba Asesor\u00eda en Resoluci\u00f3n Sanitaria de Alimentos\",\"isPartOf\":{\"@id\":\"https:\/\/resolucionsanitariadealimentos.cl\/#website\"},\"datePublished\":\"2019-07-25T16:02:38+00:00\",\"dateModified\":\"2023-02-09T18:40:12+00:00\",\"description\":\"Asesor\u00eda profesional para implementar tu proyecto de alimentos en base a las condiciones exigidas por la Seremi de Salud.\",\"breadcrumb\":{\"@id\":\"https:\/\/resolucionsanitariadealimentos.cl\/index.php\/asesoria-en-resolucion-sanitaria-de-alimentos\/#breadcrumb\"},\"inLanguage\":\"es-CL\",\"potentialAction\":[{\"@type\":\"ReadAction\",\"target\":[\"https:\/\/resolucionsanitariadealimentos.cl\/index.php\/asesoria-en-resolucion-sanitaria-de-alimentos\/\"]}]},{\"@type\":\"BreadcrumbList\",\"@id\":\"https:\/\/resolucionsanitariadealimentos.cl\/index.php\/asesoria-en-resolucion-sanitaria-de-alimentos\/#breadcrumb\",\"itemListElement\":[{\"@type\":\"ListItem\",\"position\":1,\"name\":\"Inicio\",\"item\":\"https:\/\/resolucionsanitariadealimentos.cl\/\"},{\"@type\":\"ListItem\",\"position\":2,\"name\":\"Asesor\u00eda en Resoluci\u00f3n Sanitaria de Alimentos\"}]},{\"@type\":\"WebSite\",\"@id\":\"https:\/\/resolucionsanitariadealimentos.cl\/#website\",\"url\":\"https:\/\/resolucionsanitariadealimentos.cl\/\",\"name\":\"Resoluci\u00f3n Sanitaria de Alimentos\",\"description\":\"Asesor\u00eda y tramitaci\u00f3n de Resoluci\u00f3n Sanitaria de Alimentos\",\"potentialAction\":[{\"@type\":\"SearchAction\",\"target\":{\"@type\":\"EntryPoint\",\"urlTemplate\":\"https:\/\/resolucionsanitariadealimentos.cl\/?s={search_term_string}\"},\"query-input\":\"required name=search_term_string\"}],\"inLanguage\":\"es-CL\"}]}<\/script>\n<!-- \/ Yoast SEO plugin. -->","yoast_head_json":{"title":"\u25ba Asesor\u00eda en Resoluci\u00f3n Sanitaria de Alimentos","description":"Asesor\u00eda profesional para implementar tu proyecto de alimentos en base a las condiciones exigidas por la Seremi de Salud.","robots":{"index":"index","follow":"follow","max-snippet":"max-snippet:-1","max-image-preview":"max-image-preview:large","max-video-preview":"max-video-preview:-1"},"canonical":"https:\/\/resolucionsanitariadealimentos.cl\/index.php\/asesoria-en-resolucion-sanitaria-de-alimentos\/","og_locale":"es_ES","og_type":"article","og_title":"\u25ba Asesor\u00eda en Resoluci\u00f3n Sanitaria de Alimentos","og_description":"Asesor\u00eda profesional para implementar tu proyecto de alimentos en base a las condiciones exigidas por la Seremi de Salud.","og_url":"https:\/\/resolucionsanitariadealimentos.cl\/index.php\/asesoria-en-resolucion-sanitaria-de-alimentos\/","og_site_name":"Resoluci\u00f3n Sanitaria de Alimentos","article_modified_time":"2023-02-09T18:40:12+00:00","og_image":[{"url":"http:\/\/resolucionsanitariadealimentos.cl\/wp-content\/uploads\/2019\/07\/foto-Daniela-Asesora-1024x768.jpg"}],"twitter_card":"summary_large_image","twitter_misc":{"Est. reading time":"1 minuto"},"schema":{"@context":"https:\/\/schema.org","@graph":[{"@type":"WebPage","@id":"https:\/\/resolucionsanitariadealimentos.cl\/index.php\/asesoria-en-resolucion-sanitaria-de-alimentos\/","url":"https:\/\/resolucionsanitariadealimentos.cl\/index.php\/asesoria-en-resolucion-sanitaria-de-alimentos\/","name":"\u25ba Asesor\u00eda en Resoluci\u00f3n Sanitaria de Alimentos","isPartOf":{"@id":"https:\/\/resolucionsanitariadealimentos.cl\/#website"},"datePublished":"2019-07-25T16:02:38+00:00","dateModified":"2023-02-09T18:40:12+00:00","description":"Asesor\u00eda profesional para implementar tu proyecto de alimentos en base a las condiciones exigidas por la Seremi de Salud.","breadcrumb":{"@id":"https:\/\/resolucionsanitariadealimentos.cl\/index.php\/asesoria-en-resolucion-sanitaria-de-alimentos\/#breadcrumb"},"inLanguage":"es-CL","potentialAction":[{"@type":"ReadAction","target":["https:\/\/resolucionsanitariadealimentos.cl\/index.php\/asesoria-en-resolucion-sanitaria-de-alimentos\/"]}]},{"@type":"BreadcrumbList","@id":"https:\/\/resolucionsanitariadealimentos.cl\/index.php\/asesoria-en-resolucion-sanitaria-de-alimentos\/#breadcrumb","itemListElement":[{"@type":"ListItem","position":1,"name":"Inicio","item":"https:\/\/resolucionsanitariadealimentos.cl\/"},{"@type":"ListItem","position":2,"name":"Asesor\u00eda en Resoluci\u00f3n Sanitaria de Alimentos"}]},{"@type":"WebSite","@id":"https:\/\/resolucionsanitariadealimentos.cl\/#website","url":"https:\/\/resolucionsanitariadealimentos.cl\/","name":"Resoluci\u00f3n Sanitaria de Alimentos","description":"Asesor\u00eda y tramitaci\u00f3n de Resoluci\u00f3n Sanitaria de Alimentos","potentialAction":[{"@type":"SearchAction","target":{"@type":"EntryPoint","urlTemplate":"https:\/\/resolucionsanitariadealimentos.cl\/?s={search_term_string}"},"query-input":"required name=search_term_string"}],"inLanguage":"es-CL"}]}},"amp_enabled":true,"_links":{"self":[{"href":"https:\/\/resolucionsanitariadealimentos.cl\/index.php\/wp-json\/wp\/v2\/pages\/501"}],"collection":[{"href":"https:\/\/resolucionsanitariadealimentos.cl\/index.php\/wp-json\/wp\/v2\/pages"}],"about":[{"href":"https:\/\/resolucionsanitariadealimentos.cl\/index.php\/wp-json\/wp\/v2\/types\/page"}],"author":[{"embeddable":true,"href":"https:\/\/resolucionsanitariadealimentos.cl\/index.php\/wp-json\/wp\/v2\/users\/1"}],"replies":[{"embeddable":true,"href":"https:\/\/resolucionsanitariadealimentos.cl\/index.php\/wp-json\/wp\/v2\/comments?post=501"}],"version-history":[{"count":13,"href":"https:\/\/resolucionsanitariadealimentos.cl\/index.php\/wp-json\/wp\/v2\/pages\/501\/revisions"}],"predecessor-version":[{"id":715,"href":"https:\/\/resolucionsanitariadealimentos.cl\/index.php\/wp-json\/wp\/v2\/pages\/501\/revisions\/715"}],"wp:attachment":[{"href":"https:\/\/resolucionsanitariadealimentos.cl\/index.php\/wp-json\/wp\/v2\/media?parent=501"}],"curies":[{"name":"wp","href":"https:\/\/api.w.org\/{rel}","templated":true}]}}