{"id":507,"date":"2019-07-25T21:39:01","date_gmt":"2019-07-25T21:39:01","guid":{"rendered":"http:\/\/resolucionsanitariadealimentos.cl\/?page_id=507"},"modified":"2019-07-25T21:44:30","modified_gmt":"2019-07-25T21:44:30","slug":"tramitacion-de-resolucion-sanitaria-de-alimentos","status":"publish","type":"page","link":"https:\/\/resolucionsanitariadealimentos.cl\/index.php\/tramitacion-de-resolucion-sanitaria-de-alimentos\/","title":{"rendered":"Tramitaci\u00f3n de Resoluci\u00f3n Sanitaria de Alimentos"},"content":{"rendered":"\n<h3 class=\"wp-block-heading\">Autorizaci\u00f3n Sanitaria de Alimentos<\/h3>\n\n\n\n<p>Nuestra Tramitaci\u00f3n incluye:<\/p>\n\n\n\n<div class=\"wp-block-image\"><figure class=\"alignright is-resized\"><img decoding=\"async\" loading=\"lazy\" src=\"http:\/\/resolucionsanitariadealimentos.cl\/wp-content\/uploads\/2019\/07\/Documentos-1024x640.jpg\" alt=\"\" class=\"wp-image-508\" width=\"136\" height=\"85\" srcset=\"https:\/\/resolucionsanitariadealimentos.cl\/wp-content\/uploads\/2019\/07\/Documentos-1024x640.jpg 1024w, https:\/\/resolucionsanitariadealimentos.cl\/wp-content\/uploads\/2019\/07\/Documentos-300x188.jpg 300w, https:\/\/resolucionsanitariadealimentos.cl\/wp-content\/uploads\/2019\/07\/Documentos-768x480.jpg 768w, https:\/\/resolucionsanitariadealimentos.cl\/wp-content\/uploads\/2019\/07\/Documentos.jpg 1280w\" sizes=\"(max-width: 136px) 100vw, 136px\" \/><figcaption>Tramitaci\u00f3n Resoluci\u00f3n Sanitaria de Alimentos<\/figcaption><\/figure><\/div>\n\n\n\n<ul><li>Recopilaci\u00f3n de los antecedentes requeridos para ingresar la solicitud de fiscalizaci\u00f3n en Seremi de Salud.<\/li><li>Solicitud de Zonificaci\u00f3n para autorizaci\u00f3n sanitaria en la municipalidad correspondiente (s\u00f3lo dentro de la Regi\u00f3n Metropolitana)<\/li><li>Confecci\u00f3n de plano a escala en caso de no poseerlo.<\/li><li>Confecci\u00f3n digital de <a href=\"http:\/\/resolucionsanitariadealimentos.cl\/index.php\/confeccion-etiquetado-nutricional\/\">Etiquetado Nutricional<\/a> en caso de requerir.<\/li><li>Elaboraci\u00f3n digital de se\u00f1al\u00e9tica personalizada.<\/li><li>Elaboraci\u00f3n de memorias t\u00e9cnicas.<\/li><li>Seguimiento y resoluci\u00f3n a las solicitudes por parte de los fiscalizadores de la Seremi de salud.<\/li><\/ul>\n\n\n\n<blockquote class=\"wp-block-quote is-style-large\"><p>Trabajo responsable, resolutivo, de calidad y con valor agregado.<\/p><\/blockquote>\n","protected":false},"excerpt":{"rendered":"<p>Autorizaci\u00f3n Sanitaria de Alimentos Nuestra Tramitaci\u00f3n incluye: Recopilaci\u00f3n de los antecedentes requeridos para ingresar la solicitud de fiscalizaci\u00f3n en Seremi de Salud. Solicitud de Zonificaci\u00f3n para autorizaci\u00f3n sanitaria en la municipalidad correspondiente (s\u00f3lo dentro de la Regi\u00f3n Metropolitana) Confecci\u00f3n de plano a escala en caso de no poseerlo. Confecci\u00f3n digital de Etiquetado Nutricional en caso [&hellip;]<\/p>\n","protected":false},"author":1,"featured_media":0,"parent":0,"menu_order":0,"comment_status":"closed","ping_status":"closed","template":"","meta":[],"yoast_head":"<!-- This site is optimized with the Yoast SEO plugin v21.6 - https:\/\/yoast.com\/wordpress\/plugins\/seo\/ -->\n<title>Tramitaci\u00f3n de Resoluci\u00f3n Sanitaria de Alimentos - Resoluci\u00f3n Sanitaria de Alimentos<\/title>\n<meta name=\"description\" content=\"Recopilaci\u00f3n e ingreso de documentaci\u00f3n exigida por Seremi de Salud para la obtenci\u00f3n satisfactoria de su Autorizaci\u00f3n Sanitaria de Alimentos.\" \/>\n<meta name=\"robots\" content=\"index, follow, max-snippet:-1, max-image-preview:large, max-video-preview:-1\" \/>\n<link rel=\"canonical\" href=\"https:\/\/resolucionsanitariadealimentos.cl\/index.php\/tramitacion-de-resolucion-sanitaria-de-alimentos\/\" \/>\n<meta property=\"og:locale\" content=\"es_ES\" \/>\n<meta property=\"og:type\" content=\"article\" \/>\n<meta property=\"og:title\" content=\"Tramitaci\u00f3n de Resoluci\u00f3n Sanitaria de Alimentos - Resoluci\u00f3n Sanitaria de Alimentos\" \/>\n<meta property=\"og:description\" content=\"Recopilaci\u00f3n e ingreso de documentaci\u00f3n exigida por Seremi de Salud para la obtenci\u00f3n satisfactoria de su Autorizaci\u00f3n Sanitaria de Alimentos.\" \/>\n<meta property=\"og:url\" content=\"https:\/\/resolucionsanitariadealimentos.cl\/index.php\/tramitacion-de-resolucion-sanitaria-de-alimentos\/\" \/>\n<meta property=\"og:site_name\" content=\"Resoluci\u00f3n Sanitaria de Alimentos\" \/>\n<meta property=\"article:modified_time\" content=\"2019-07-25T21:44:30+00:00\" \/>\n<meta property=\"og:image\" content=\"http:\/\/resolucionsanitariadealimentos.cl\/wp-content\/uploads\/2019\/07\/Documentos-1024x640.jpg\" \/>\n<meta name=\"twitter:card\" content=\"summary_large_image\" \/>\n<meta name=\"twitter:label1\" content=\"Est. reading time\" \/>\n\t<meta name=\"twitter:data1\" content=\"1 minuto\" \/>\n<script type=\"application\/ld+json\" class=\"yoast-schema-graph\">{\"@context\":\"https:\/\/schema.org\",\"@graph\":[{\"@type\":\"WebPage\",\"@id\":\"https:\/\/resolucionsanitariadealimentos.cl\/index.php\/tramitacion-de-resolucion-sanitaria-de-alimentos\/\",\"url\":\"https:\/\/resolucionsanitariadealimentos.cl\/index.php\/tramitacion-de-resolucion-sanitaria-de-alimentos\/\",\"name\":\"Tramitaci\u00f3n de Resoluci\u00f3n Sanitaria de Alimentos - Resoluci\u00f3n Sanitaria de Alimentos\",\"isPartOf\":{\"@id\":\"https:\/\/resolucionsanitariadealimentos.cl\/#website\"},\"datePublished\":\"2019-07-25T21:39:01+00:00\",\"dateModified\":\"2019-07-25T21:44:30+00:00\",\"description\":\"Recopilaci\u00f3n e ingreso de documentaci\u00f3n exigida por Seremi de Salud para la obtenci\u00f3n satisfactoria de su Autorizaci\u00f3n Sanitaria de Alimentos.\",\"breadcrumb\":{\"@id\":\"https:\/\/resolucionsanitariadealimentos.cl\/index.php\/tramitacion-de-resolucion-sanitaria-de-alimentos\/#breadcrumb\"},\"inLanguage\":\"es-CL\",\"potentialAction\":[{\"@type\":\"ReadAction\",\"target\":[\"https:\/\/resolucionsanitariadealimentos.cl\/index.php\/tramitacion-de-resolucion-sanitaria-de-alimentos\/\"]}]},{\"@type\":\"BreadcrumbList\",\"@id\":\"https:\/\/resolucionsanitariadealimentos.cl\/index.php\/tramitacion-de-resolucion-sanitaria-de-alimentos\/#breadcrumb\",\"itemListElement\":[{\"@type\":\"ListItem\",\"position\":1,\"name\":\"Inicio\",\"item\":\"https:\/\/resolucionsanitariadealimentos.cl\/\"},{\"@type\":\"ListItem\",\"position\":2,\"name\":\"Tramitaci\u00f3n de Resoluci\u00f3n Sanitaria de Alimentos\"}]},{\"@type\":\"WebSite\",\"@id\":\"https:\/\/resolucionsanitariadealimentos.cl\/#website\",\"url\":\"https:\/\/resolucionsanitariadealimentos.cl\/\",\"name\":\"Resoluci\u00f3n Sanitaria de Alimentos\",\"description\":\"Asesor\u00eda y tramitaci\u00f3n de Resoluci\u00f3n Sanitaria de Alimentos\",\"potentialAction\":[{\"@type\":\"SearchAction\",\"target\":{\"@type\":\"EntryPoint\",\"urlTemplate\":\"https:\/\/resolucionsanitariadealimentos.cl\/?s={search_term_string}\"},\"query-input\":\"required name=search_term_string\"}],\"inLanguage\":\"es-CL\"}]}<\/script>\n<!-- \/ Yoast SEO plugin. -->","yoast_head_json":{"title":"Tramitaci\u00f3n de Resoluci\u00f3n Sanitaria de Alimentos - Resoluci\u00f3n Sanitaria de Alimentos","description":"Recopilaci\u00f3n e ingreso de documentaci\u00f3n exigida por Seremi de Salud para la obtenci\u00f3n satisfactoria de su Autorizaci\u00f3n Sanitaria de Alimentos.","robots":{"index":"index","follow":"follow","max-snippet":"max-snippet:-1","max-image-preview":"max-image-preview:large","max-video-preview":"max-video-preview:-1"},"canonical":"https:\/\/resolucionsanitariadealimentos.cl\/index.php\/tramitacion-de-resolucion-sanitaria-de-alimentos\/","og_locale":"es_ES","og_type":"article","og_title":"Tramitaci\u00f3n de Resoluci\u00f3n Sanitaria de Alimentos - Resoluci\u00f3n Sanitaria de Alimentos","og_description":"Recopilaci\u00f3n e ingreso de documentaci\u00f3n exigida por Seremi de Salud para la obtenci\u00f3n satisfactoria de su Autorizaci\u00f3n Sanitaria de Alimentos.","og_url":"https:\/\/resolucionsanitariadealimentos.cl\/index.php\/tramitacion-de-resolucion-sanitaria-de-alimentos\/","og_site_name":"Resoluci\u00f3n Sanitaria de Alimentos","article_modified_time":"2019-07-25T21:44:30+00:00","og_image":[{"url":"http:\/\/resolucionsanitariadealimentos.cl\/wp-content\/uploads\/2019\/07\/Documentos-1024x640.jpg"}],"twitter_card":"summary_large_image","twitter_misc":{"Est. reading time":"1 minuto"},"schema":{"@context":"https:\/\/schema.org","@graph":[{"@type":"WebPage","@id":"https:\/\/resolucionsanitariadealimentos.cl\/index.php\/tramitacion-de-resolucion-sanitaria-de-alimentos\/","url":"https:\/\/resolucionsanitariadealimentos.cl\/index.php\/tramitacion-de-resolucion-sanitaria-de-alimentos\/","name":"Tramitaci\u00f3n de Resoluci\u00f3n Sanitaria de Alimentos - Resoluci\u00f3n Sanitaria de Alimentos","isPartOf":{"@id":"https:\/\/resolucionsanitariadealimentos.cl\/#website"},"datePublished":"2019-07-25T21:39:01+00:00","dateModified":"2019-07-25T21:44:30+00:00","description":"Recopilaci\u00f3n e ingreso de documentaci\u00f3n exigida por Seremi de Salud para la obtenci\u00f3n satisfactoria de su Autorizaci\u00f3n Sanitaria de Alimentos.","breadcrumb":{"@id":"https:\/\/resolucionsanitariadealimentos.cl\/index.php\/tramitacion-de-resolucion-sanitaria-de-alimentos\/#breadcrumb"},"inLanguage":"es-CL","potentialAction":[{"@type":"ReadAction","target":["https:\/\/resolucionsanitariadealimentos.cl\/index.php\/tramitacion-de-resolucion-sanitaria-de-alimentos\/"]}]},{"@type":"BreadcrumbList","@id":"https:\/\/resolucionsanitariadealimentos.cl\/index.php\/tramitacion-de-resolucion-sanitaria-de-alimentos\/#breadcrumb","itemListElement":[{"@type":"ListItem","position":1,"name":"Inicio","item":"https:\/\/resolucionsanitariadealimentos.cl\/"},{"@type":"ListItem","position":2,"name":"Tramitaci\u00f3n de Resoluci\u00f3n Sanitaria de Alimentos"}]},{"@type":"WebSite","@id":"https:\/\/resolucionsanitariadealimentos.cl\/#website","url":"https:\/\/resolucionsanitariadealimentos.cl\/","name":"Resoluci\u00f3n Sanitaria de Alimentos","description":"Asesor\u00eda y tramitaci\u00f3n de Resoluci\u00f3n Sanitaria de Alimentos","potentialAction":[{"@type":"SearchAction","target":{"@type":"EntryPoint","urlTemplate":"https:\/\/resolucionsanitariadealimentos.cl\/?s={search_term_string}"},"query-input":"required name=search_term_string"}],"inLanguage":"es-CL"}]}},"amp_enabled":true,"_links":{"self":[{"href":"https:\/\/resolucionsanitariadealimentos.cl\/index.php\/wp-json\/wp\/v2\/pages\/507"}],"collection":[{"href":"https:\/\/resolucionsanitariadealimentos.cl\/index.php\/wp-json\/wp\/v2\/pages"}],"about":[{"href":"https:\/\/resolucionsanitariadealimentos.cl\/index.php\/wp-json\/wp\/v2\/types\/page"}],"author":[{"embeddable":true,"href":"https:\/\/resolucionsanitariadealimentos.cl\/index.php\/wp-json\/wp\/v2\/users\/1"}],"replies":[{"embeddable":true,"href":"https:\/\/resolucionsanitariadealimentos.cl\/index.php\/wp-json\/wp\/v2\/comments?post=507"}],"version-history":[{"count":2,"href":"https:\/\/resolucionsanitariadealimentos.cl\/index.php\/wp-json\/wp\/v2\/pages\/507\/revisions"}],"predecessor-version":[{"id":510,"href":"https:\/\/resolucionsanitariadealimentos.cl\/index.php\/wp-json\/wp\/v2\/pages\/507\/revisions\/510"}],"wp:attachment":[{"href":"https:\/\/resolucionsanitariadealimentos.cl\/index.php\/wp-json\/wp\/v2\/media?parent=507"}],"curies":[{"name":"wp","href":"https:\/\/api.w.org\/{rel}","templated":true}]}}