{"id":520,"date":"2019-07-25T22:50:09","date_gmt":"2019-07-25T22:50:09","guid":{"rendered":"http:\/\/resolucionsanitariadealimentos.cl\/?page_id=520"},"modified":"2019-07-25T22:50:10","modified_gmt":"2019-07-25T22:50:10","slug":"tipo-de-instalacion","status":"publish","type":"page","link":"https:\/\/resolucionsanitariadealimentos.cl\/index.php\/tipo-de-instalacion\/","title":{"rendered":"Tipo de Instalaci\u00f3n"},"content":{"rendered":"\n<h4 class=\"wp-block-heading\">Selecciona tu Instalaci\u00f3n para saber la asesor\u00eda que necesitas: <\/h4>\n\n\n\n<ul><li><a href=\"http:\/\/resolucionsanitariadealimentos.cl\/index.php\/resolucion-carritos-de-alimento\/\">Carros, quioscos, food truck<\/a><\/li><li><a href=\"http:\/\/resolucionsanitariadealimentos.cl\/index.php\/resolucion-para-comida-al-paso\/\">Comida al paso<\/a><\/li><li><a href=\"http:\/\/resolucionsanitariadealimentos.cl\/index.php\/resolucion-distribuidora-de-alimentos\/\">Distribuidora de alimentos<\/a><\/li><li><a href=\"http:\/\/resolucionsanitariadealimentos.cl\/index.php\/resolucion-para-restaurante\/\">Elaboraci\u00f3n de alimentos con consumo <\/a><\/li><li><a href=\"http:\/\/resolucionsanitariadealimentos.cl\/index.php\/resolucion-venta-de-alimentos-elaborados\/\">Elaboraci\u00f3n y venta de alimentos (sin consumo en el mismo lugar)<\/a><\/li><li><a href=\"http:\/\/resolucionsanitariadealimentos.cl\/index.php\/resolucion-envasadora-de-alimentos\/\">Envasadora de alimentos<\/a><\/li><li><a href=\"http:\/\/resolucionsanitariadealimentos.cl\/index.php\/resolucion-procesadora-de-alimentos\/\">Procesadora de alimentos<\/a><\/li><li><a href=\"http:\/\/resolucionsanitariadealimentos.cl\/index.php\/resolucion-vehiculos-refrigerados\/\">Veh\u00edculo transportador de alimentos refrigerados y\/o congelados<\/a><\/li><\/ul>\n","protected":false},"excerpt":{"rendered":"<p>Selecciona tu Instalaci\u00f3n para saber la asesor\u00eda que necesitas: Carros, quioscos, food truck Comida al paso Distribuidora de alimentos Elaboraci\u00f3n de alimentos con consumo Elaboraci\u00f3n y venta de alimentos (sin consumo en el mismo lugar) Envasadora de alimentos Procesadora de alimentos Veh\u00edculo transportador de alimentos refrigerados y\/o congelados<\/p>\n","protected":false},"author":1,"featured_media":0,"parent":0,"menu_order":0,"comment_status":"closed","ping_status":"closed","template":"","meta":[],"yoast_head":"<!-- This site is optimized with the Yoast SEO plugin v21.6 - https:\/\/yoast.com\/wordpress\/plugins\/seo\/ -->\n<title>Tipo de Instalaci\u00f3n - Resoluci\u00f3n Sanitaria de Alimentos<\/title>\n<meta name=\"robots\" content=\"index, follow, max-snippet:-1, max-image-preview:large, max-video-preview:-1\" \/>\n<link rel=\"canonical\" href=\"https:\/\/resolucionsanitariadealimentos.cl\/index.php\/tipo-de-instalacion\/\" \/>\n<meta property=\"og:locale\" content=\"es_ES\" \/>\n<meta property=\"og:type\" content=\"article\" \/>\n<meta property=\"og:title\" content=\"Tipo de Instalaci\u00f3n - Resoluci\u00f3n Sanitaria de Alimentos\" \/>\n<meta property=\"og:description\" content=\"Selecciona tu Instalaci\u00f3n para saber la asesor\u00eda que necesitas: Carros, quioscos, food truck Comida al paso Distribuidora de alimentos Elaboraci\u00f3n de alimentos con consumo Elaboraci\u00f3n y venta de alimentos (sin consumo en el mismo lugar) Envasadora de alimentos Procesadora de alimentos Veh\u00edculo transportador de alimentos refrigerados y\/o congelados\" \/>\n<meta property=\"og:url\" content=\"https:\/\/resolucionsanitariadealimentos.cl\/index.php\/tipo-de-instalacion\/\" \/>\n<meta property=\"og:site_name\" content=\"Resoluci\u00f3n Sanitaria de Alimentos\" \/>\n<meta property=\"article:modified_time\" content=\"2019-07-25T22:50:10+00:00\" \/>\n<meta name=\"twitter:card\" content=\"summary_large_image\" \/>\n<script type=\"application\/ld+json\" class=\"yoast-schema-graph\">{\"@context\":\"https:\/\/schema.org\",\"@graph\":[{\"@type\":\"WebPage\",\"@id\":\"https:\/\/resolucionsanitariadealimentos.cl\/index.php\/tipo-de-instalacion\/\",\"url\":\"https:\/\/resolucionsanitariadealimentos.cl\/index.php\/tipo-de-instalacion\/\",\"name\":\"Tipo de Instalaci\u00f3n - Resoluci\u00f3n Sanitaria de Alimentos\",\"isPartOf\":{\"@id\":\"https:\/\/resolucionsanitariadealimentos.cl\/#website\"},\"datePublished\":\"2019-07-25T22:50:09+00:00\",\"dateModified\":\"2019-07-25T22:50:10+00:00\",\"breadcrumb\":{\"@id\":\"https:\/\/resolucionsanitariadealimentos.cl\/index.php\/tipo-de-instalacion\/#breadcrumb\"},\"inLanguage\":\"es-CL\",\"potentialAction\":[{\"@type\":\"ReadAction\",\"target\":[\"https:\/\/resolucionsanitariadealimentos.cl\/index.php\/tipo-de-instalacion\/\"]}]},{\"@type\":\"BreadcrumbList\",\"@id\":\"https:\/\/resolucionsanitariadealimentos.cl\/index.php\/tipo-de-instalacion\/#breadcrumb\",\"itemListElement\":[{\"@type\":\"ListItem\",\"position\":1,\"name\":\"Inicio\",\"item\":\"https:\/\/resolucionsanitariadealimentos.cl\/\"},{\"@type\":\"ListItem\",\"position\":2,\"name\":\"Tipo de Instalaci\u00f3n\"}]},{\"@type\":\"WebSite\",\"@id\":\"https:\/\/resolucionsanitariadealimentos.cl\/#website\",\"url\":\"https:\/\/resolucionsanitariadealimentos.cl\/\",\"name\":\"Resoluci\u00f3n Sanitaria de Alimentos\",\"description\":\"Asesor\u00eda y tramitaci\u00f3n de Resoluci\u00f3n Sanitaria de Alimentos\",\"potentialAction\":[{\"@type\":\"SearchAction\",\"target\":{\"@type\":\"EntryPoint\",\"urlTemplate\":\"https:\/\/resolucionsanitariadealimentos.cl\/?s={search_term_string}\"},\"query-input\":\"required name=search_term_string\"}],\"inLanguage\":\"es-CL\"}]}<\/script>\n<!-- \/ Yoast SEO plugin. -->","yoast_head_json":{"title":"Tipo de Instalaci\u00f3n - Resoluci\u00f3n Sanitaria de Alimentos","robots":{"index":"index","follow":"follow","max-snippet":"max-snippet:-1","max-image-preview":"max-image-preview:large","max-video-preview":"max-video-preview:-1"},"canonical":"https:\/\/resolucionsanitariadealimentos.cl\/index.php\/tipo-de-instalacion\/","og_locale":"es_ES","og_type":"article","og_title":"Tipo de Instalaci\u00f3n - Resoluci\u00f3n Sanitaria de Alimentos","og_description":"Selecciona tu Instalaci\u00f3n para saber la asesor\u00eda que necesitas: Carros, quioscos, food truck Comida al paso Distribuidora de alimentos Elaboraci\u00f3n de alimentos con consumo Elaboraci\u00f3n y venta de alimentos (sin consumo en el mismo lugar) Envasadora de alimentos Procesadora de alimentos Veh\u00edculo transportador de alimentos refrigerados y\/o congelados","og_url":"https:\/\/resolucionsanitariadealimentos.cl\/index.php\/tipo-de-instalacion\/","og_site_name":"Resoluci\u00f3n Sanitaria de Alimentos","article_modified_time":"2019-07-25T22:50:10+00:00","twitter_card":"summary_large_image","schema":{"@context":"https:\/\/schema.org","@graph":[{"@type":"WebPage","@id":"https:\/\/resolucionsanitariadealimentos.cl\/index.php\/tipo-de-instalacion\/","url":"https:\/\/resolucionsanitariadealimentos.cl\/index.php\/tipo-de-instalacion\/","name":"Tipo de Instalaci\u00f3n - Resoluci\u00f3n Sanitaria de Alimentos","isPartOf":{"@id":"https:\/\/resolucionsanitariadealimentos.cl\/#website"},"datePublished":"2019-07-25T22:50:09+00:00","dateModified":"2019-07-25T22:50:10+00:00","breadcrumb":{"@id":"https:\/\/resolucionsanitariadealimentos.cl\/index.php\/tipo-de-instalacion\/#breadcrumb"},"inLanguage":"es-CL","potentialAction":[{"@type":"ReadAction","target":["https:\/\/resolucionsanitariadealimentos.cl\/index.php\/tipo-de-instalacion\/"]}]},{"@type":"BreadcrumbList","@id":"https:\/\/resolucionsanitariadealimentos.cl\/index.php\/tipo-de-instalacion\/#breadcrumb","itemListElement":[{"@type":"ListItem","position":1,"name":"Inicio","item":"https:\/\/resolucionsanitariadealimentos.cl\/"},{"@type":"ListItem","position":2,"name":"Tipo de Instalaci\u00f3n"}]},{"@type":"WebSite","@id":"https:\/\/resolucionsanitariadealimentos.cl\/#website","url":"https:\/\/resolucionsanitariadealimentos.cl\/","name":"Resoluci\u00f3n Sanitaria de Alimentos","description":"Asesor\u00eda y tramitaci\u00f3n de Resoluci\u00f3n Sanitaria de Alimentos","potentialAction":[{"@type":"SearchAction","target":{"@type":"EntryPoint","urlTemplate":"https:\/\/resolucionsanitariadealimentos.cl\/?s={search_term_string}"},"query-input":"required name=search_term_string"}],"inLanguage":"es-CL"}]}},"amp_enabled":true,"_links":{"self":[{"href":"https:\/\/resolucionsanitariadealimentos.cl\/index.php\/wp-json\/wp\/v2\/pages\/520"}],"collection":[{"href":"https:\/\/resolucionsanitariadealimentos.cl\/index.php\/wp-json\/wp\/v2\/pages"}],"about":[{"href":"https:\/\/resolucionsanitariadealimentos.cl\/index.php\/wp-json\/wp\/v2\/types\/page"}],"author":[{"embeddable":true,"href":"https:\/\/resolucionsanitariadealimentos.cl\/index.php\/wp-json\/wp\/v2\/users\/1"}],"replies":[{"embeddable":true,"href":"https:\/\/resolucionsanitariadealimentos.cl\/index.php\/wp-json\/wp\/v2\/comments?post=520"}],"version-history":[{"count":1,"href":"https:\/\/resolucionsanitariadealimentos.cl\/index.php\/wp-json\/wp\/v2\/pages\/520\/revisions"}],"predecessor-version":[{"id":521,"href":"https:\/\/resolucionsanitariadealimentos.cl\/index.php\/wp-json\/wp\/v2\/pages\/520\/revisions\/521"}],"wp:attachment":[{"href":"https:\/\/resolucionsanitariadealimentos.cl\/index.php\/wp-json\/wp\/v2\/media?parent=520"}],"curies":[{"name":"wp","href":"https:\/\/api.w.org\/{rel}","templated":true}]}}