{"id":66,"date":"2019-01-29T18:28:30","date_gmt":"2019-01-29T18:28:30","guid":{"rendered":"http:\/\/resolucionsanitariadealimentos.cl\/?page_id=66"},"modified":"2023-02-09T18:40:10","modified_gmt":"2023-02-09T18:40:10","slug":"noticias","status":"publish","type":"page","link":"https:\/\/resolucionsanitariadealimentos.cl\/index.php\/noticias\/","title":{"rendered":"Noticias"},"content":{"rendered":"\n<p class=\"has-medium-font-size\">Porque sabemos lo importante que es estar informado, estaremos subiendo las noticias de la contingencia actual en base a la normativa legal vigente e inocuidad alimentaria. <\/p>\n\n\n\n<p class=\"has-medium-font-size\"><strong><font style=\"vertical-align: inherit;\"><font style=\"vertical-align: inherit;\"><font style=\"vertical-align: inherit;\"><font style=\"vertical-align: inherit;\"><font style=\"vertical-align: inherit;\"><font style=\"vertical-align: inherit;\"><font style=\"vertical-align: inherit;\"><font style=\"vertical-align: inherit;\"><font style=\"vertical-align: inherit;\"><font style=\"vertical-align: inherit;\"><font style=\"vertical-align: inherit;\"><font style=\"vertical-align: inherit;\"><font style=\"vertical-align: inherit;\"><font style=\"vertical-align: inherit;\">Tambi\u00e9n te invitamos a compartir tu opini\u00f3n con nosotros.<\/font><\/font><\/font><\/font><\/font><\/font><\/font><\/font><\/font><\/font><\/font><\/font><\/font><\/font><\/strong><\/p>\n","protected":false},"excerpt":{"rendered":"<p>Porque sabemos lo importante que es estar informado, estaremos subiendo las noticias de la contingencia actual en base a la normativa legal vigente e inocuidad alimentaria. Tambi\u00e9n te invitamos a compartir tu opini\u00f3n con nosotros.<\/p>\n","protected":false},"author":1,"featured_media":0,"parent":0,"menu_order":0,"comment_status":"closed","ping_status":"closed","template":"","meta":{"footnotes":""},"class_list":["post-66","page","type-page","status-publish","hentry"],"yoast_head":"<!-- This site is optimized with the Yoast SEO plugin v21.6 - https:\/\/yoast.com\/wordpress\/plugins\/seo\/ -->\n<title>Noticias - Resoluci\u00f3n Sanitaria de Alimentos<\/title>\n<meta name=\"robots\" content=\"index, follow, max-snippet:-1, max-image-preview:large, max-video-preview:-1\" \/>\n<link rel=\"canonical\" href=\"https:\/\/resolucionsanitariadealimentos.cl\/index.php\/noticias\/\" \/>\n<meta property=\"og:locale\" content=\"es_ES\" \/>\n<meta property=\"og:type\" content=\"article\" \/>\n<meta property=\"og:title\" content=\"Noticias - Resoluci\u00f3n Sanitaria de Alimentos\" \/>\n<meta property=\"og:description\" content=\"Porque sabemos lo importante que es estar informado, estaremos subiendo las noticias de la contingencia actual en base a la normativa legal vigente e inocuidad alimentaria. Tambi\u00e9n te invitamos a compartir tu opini\u00f3n con nosotros.\" \/>\n<meta property=\"og:url\" content=\"https:\/\/resolucionsanitariadealimentos.cl\/index.php\/noticias\/\" \/>\n<meta property=\"og:site_name\" content=\"Resoluci\u00f3n Sanitaria de Alimentos\" \/>\n<meta property=\"article:modified_time\" content=\"2023-02-09T18:40:10+00:00\" \/>\n<meta name=\"twitter:card\" content=\"summary_large_image\" \/>\n<script type=\"application\/ld+json\" class=\"yoast-schema-graph\">{\"@context\":\"https:\/\/schema.org\",\"@graph\":[{\"@type\":[\"WebPage\",\"CollectionPage\"],\"@id\":\"https:\/\/resolucionsanitariadealimentos.cl\/index.php\/noticias\/\",\"url\":\"https:\/\/resolucionsanitariadealimentos.cl\/index.php\/noticias\/\",\"name\":\"Noticias - Resoluci\u00f3n Sanitaria de Alimentos\",\"isPartOf\":{\"@id\":\"https:\/\/resolucionsanitariadealimentos.cl\/#website\"},\"datePublished\":\"2019-01-29T18:28:30+00:00\",\"dateModified\":\"2023-02-09T18:40:10+00:00\",\"breadcrumb\":{\"@id\":\"https:\/\/resolucionsanitariadealimentos.cl\/index.php\/noticias\/#breadcrumb\"},\"inLanguage\":\"es-CL\"},{\"@type\":\"BreadcrumbList\",\"@id\":\"https:\/\/resolucionsanitariadealimentos.cl\/index.php\/noticias\/#breadcrumb\",\"itemListElement\":[{\"@type\":\"ListItem\",\"position\":1,\"name\":\"Inicio\",\"item\":\"https:\/\/resolucionsanitariadealimentos.cl\/\"},{\"@type\":\"ListItem\",\"position\":2,\"name\":\"Noticias\"}]},{\"@type\":\"WebSite\",\"@id\":\"https:\/\/resolucionsanitariadealimentos.cl\/#website\",\"url\":\"https:\/\/resolucionsanitariadealimentos.cl\/\",\"name\":\"Resoluci\u00f3n Sanitaria de Alimentos\",\"description\":\"Asesor\u00eda y tramitaci\u00f3n de Resoluci\u00f3n Sanitaria de Alimentos\",\"potentialAction\":[{\"@type\":\"SearchAction\",\"target\":{\"@type\":\"EntryPoint\",\"urlTemplate\":\"https:\/\/resolucionsanitariadealimentos.cl\/?s={search_term_string}\"},\"query-input\":\"required name=search_term_string\"}],\"inLanguage\":\"es-CL\"}]}<\/script>\n<!-- \/ Yoast SEO plugin. -->","yoast_head_json":{"title":"Noticias - Resoluci\u00f3n Sanitaria de Alimentos","robots":{"index":"index","follow":"follow","max-snippet":"max-snippet:-1","max-image-preview":"max-image-preview:large","max-video-preview":"max-video-preview:-1"},"canonical":"https:\/\/resolucionsanitariadealimentos.cl\/index.php\/noticias\/","og_locale":"es_ES","og_type":"article","og_title":"Noticias - Resoluci\u00f3n Sanitaria de Alimentos","og_description":"Porque sabemos lo importante que es estar informado, estaremos subiendo las noticias de la contingencia actual en base a la normativa legal vigente e inocuidad alimentaria. Tambi\u00e9n te invitamos a compartir tu opini\u00f3n con nosotros.","og_url":"https:\/\/resolucionsanitariadealimentos.cl\/index.php\/noticias\/","og_site_name":"Resoluci\u00f3n Sanitaria de Alimentos","article_modified_time":"2023-02-09T18:40:10+00:00","twitter_card":"summary_large_image","schema":{"@context":"https:\/\/schema.org","@graph":[{"@type":["WebPage","CollectionPage"],"@id":"https:\/\/resolucionsanitariadealimentos.cl\/index.php\/noticias\/","url":"https:\/\/resolucionsanitariadealimentos.cl\/index.php\/noticias\/","name":"Noticias - Resoluci\u00f3n Sanitaria de Alimentos","isPartOf":{"@id":"https:\/\/resolucionsanitariadealimentos.cl\/#website"},"datePublished":"2019-01-29T18:28:30+00:00","dateModified":"2023-02-09T18:40:10+00:00","breadcrumb":{"@id":"https:\/\/resolucionsanitariadealimentos.cl\/index.php\/noticias\/#breadcrumb"},"inLanguage":"es-CL"},{"@type":"BreadcrumbList","@id":"https:\/\/resolucionsanitariadealimentos.cl\/index.php\/noticias\/#breadcrumb","itemListElement":[{"@type":"ListItem","position":1,"name":"Inicio","item":"https:\/\/resolucionsanitariadealimentos.cl\/"},{"@type":"ListItem","position":2,"name":"Noticias"}]},{"@type":"WebSite","@id":"https:\/\/resolucionsanitariadealimentos.cl\/#website","url":"https:\/\/resolucionsanitariadealimentos.cl\/","name":"Resoluci\u00f3n Sanitaria de Alimentos","description":"Asesor\u00eda y tramitaci\u00f3n de Resoluci\u00f3n Sanitaria de Alimentos","potentialAction":[{"@type":"SearchAction","target":{"@type":"EntryPoint","urlTemplate":"https:\/\/resolucionsanitariadealimentos.cl\/?s={search_term_string}"},"query-input":"required name=search_term_string"}],"inLanguage":"es-CL"}]}},"amp_enabled":false,"_links":{"self":[{"href":"https:\/\/resolucionsanitariadealimentos.cl\/index.php\/wp-json\/wp\/v2\/pages\/66","targetHints":{"allow":["GET"]}}],"collection":[{"href":"https:\/\/resolucionsanitariadealimentos.cl\/index.php\/wp-json\/wp\/v2\/pages"}],"about":[{"href":"https:\/\/resolucionsanitariadealimentos.cl\/index.php\/wp-json\/wp\/v2\/types\/page"}],"author":[{"embeddable":true,"href":"https:\/\/resolucionsanitariadealimentos.cl\/index.php\/wp-json\/wp\/v2\/users\/1"}],"replies":[{"embeddable":true,"href":"https:\/\/resolucionsanitariadealimentos.cl\/index.php\/wp-json\/wp\/v2\/comments?post=66"}],"version-history":[{"count":6,"href":"https:\/\/resolucionsanitariadealimentos.cl\/index.php\/wp-json\/wp\/v2\/pages\/66\/revisions"}],"predecessor-version":[{"id":91,"href":"https:\/\/resolucionsanitariadealimentos.cl\/index.php\/wp-json\/wp\/v2\/pages\/66\/revisions\/91"}],"wp:attachment":[{"href":"https:\/\/resolucionsanitariadealimentos.cl\/index.php\/wp-json\/wp\/v2\/media?parent=66"}],"curies":[{"name":"wp","href":"https:\/\/api.w.org\/{rel}","templated":true}]}}