{"id":7,"date":"2019-01-24T20:56:07","date_gmt":"2019-01-24T20:56:07","guid":{"rendered":"http:\/\/resolucionsanitariadealimentos.cl\/?page_id=7"},"modified":"2023-02-09T18:40:24","modified_gmt":"2023-02-09T18:40:24","slug":"resolucion-para-comida-al-paso","status":"publish","type":"page","link":"https:\/\/resolucionsanitariadealimentos.cl\/index.php\/resolucion-para-comida-al-paso\/","title":{"rendered":"Resoluci\u00f3n sanitaria para local de comida al paso"},"content":{"rendered":"\n<div class=\"wp-block-image\"><figure class=\"alignright size-large\"><img decoding=\"async\" loading=\"lazy\" width=\"1024\" height=\"605\" src=\"https:\/\/resolucionsanitariadealimentos.cl\/wp-content\/uploads\/2021\/12\/comida-al-paso-rojo-01-1024x605.jpg\" alt=\"\" class=\"wp-image-623\" srcset=\"https:\/\/resolucionsanitariadealimentos.cl\/wp-content\/uploads\/2021\/12\/comida-al-paso-rojo-01-1024x605.jpg 1024w, https:\/\/resolucionsanitariadealimentos.cl\/wp-content\/uploads\/2021\/12\/comida-al-paso-rojo-01-300x177.jpg 300w, https:\/\/resolucionsanitariadealimentos.cl\/wp-content\/uploads\/2021\/12\/comida-al-paso-rojo-01-768x454.jpg 768w, https:\/\/resolucionsanitariadealimentos.cl\/wp-content\/uploads\/2021\/12\/comida-al-paso-rojo-01-1536x907.jpg 1536w, https:\/\/resolucionsanitariadealimentos.cl\/wp-content\/uploads\/2021\/12\/comida-al-paso-rojo-01-2048x1210.jpg 2048w\" sizes=\"(max-width: 1024px) 100vw, 1024px\" \/><figcaption>Autorizaci\u00f3n sanitaria para local de comida al paso<\/figcaption><\/figure><\/div>\n\n\n\n<p>Ingresan en esta categor\u00eda aquellos establecimientos que cuenten con una elaboraci\u00f3n de alimentos de baja complejidad, venta y consumo de este en una barra del propio local, donde los clientes permanezcan un lapso breve de tiempo.<\/p>\n\n\n\n<p>El fin otorgado se detalla a continuaci\u00f3n:<\/p>\n\n\n\n<ul><li>Cafeter\u00eda<\/li><li>Fritura de empanadas, sopaipillas y papas.<\/li><li>Horneo de pizzas y empanadas<\/li><li>Elaboraci\u00f3n y venta de s\u00e1ndwich fr\u00edos y calientes.<\/li><li>Elaboraci\u00f3n de zumos de frutas u hortalizas.<\/li><\/ul>\n\n\n\n<p>Tambi\u00e9n ingresar\u00e1n en esta categor\u00eda aquellos establecimientos que cuenten con la venta de alimentos elaborados previamente en f\u00e1bricas autorizadas y que su consumo sea en una barra del propio local, donde los clientes permanezcan un lapso breve de tiempo. <\/p>\n\n\n\n<p> El fin otorgado se detalla a continuaci\u00f3n: <\/p>\n\n\n\n<ul><li>Venta de productos de pasteler\u00eda, <\/li><li>platos preparados fr\u00edos,<\/li><li>sandwich envasados,<\/li><li>helados envasados,<\/li><li>bebidas sin alcohol,<\/li><li>infusiones de t\u00e9 y caf\u00e9,<\/li><li>mote con huesillo.<\/li><\/ul>\n\n\n\n<p>  Cotiza tu resoluci\u00f3n sanitaria de alimentos pinchando&nbsp;<a href=\"http:\/\/resolucionsanitariadealimentos.cl\/index.php\/contacto\/\">aqu\u00ed.<\/a><\/p>\n","protected":false},"excerpt":{"rendered":"<p>Ingresan en esta categor\u00eda aquellos establecimientos que cuenten con una elaboraci\u00f3n de alimentos de baja complejidad, venta y consumo de este en una barra del propio local, donde los clientes permanezcan un lapso breve de tiempo. El fin otorgado se detalla a continuaci\u00f3n: Cafeter\u00eda Fritura de empanadas, sopaipillas y papas. Horneo de pizzas y empanadas [&hellip;]<\/p>\n","protected":false},"author":1,"featured_media":0,"parent":0,"menu_order":0,"comment_status":"closed","ping_status":"closed","template":"","meta":[],"yoast_head":"<!-- This site is optimized with the Yoast SEO plugin v21.6 - https:\/\/yoast.com\/wordpress\/plugins\/seo\/ -->\n<title>Resoluci\u00f3n sanitaria para local de comida al paso - Resoluci\u00f3n Sanitaria de Alimentos %<\/title>\n<meta name=\"description\" content=\"Te asesoramos y tramitamos tu resoluci\u00f3n sanitaria de alimentos. Cont\u00e1ctanos!\" \/>\n<meta name=\"robots\" content=\"index, follow, max-snippet:-1, max-image-preview:large, max-video-preview:-1\" \/>\n<link rel=\"canonical\" href=\"https:\/\/resolucionsanitariadealimentos.cl\/index.php\/resolucion-para-comida-al-paso\/\" \/>\n<meta property=\"og:locale\" content=\"es_ES\" \/>\n<meta property=\"og:type\" content=\"article\" \/>\n<meta property=\"og:title\" content=\"Resoluci\u00f3n sanitaria para local de comida al paso - Resoluci\u00f3n Sanitaria de Alimentos %\" \/>\n<meta property=\"og:description\" content=\"Te asesoramos y tramitamos tu resoluci\u00f3n sanitaria de alimentos. Cont\u00e1ctanos!\" \/>\n<meta property=\"og:url\" content=\"https:\/\/resolucionsanitariadealimentos.cl\/index.php\/resolucion-para-comida-al-paso\/\" \/>\n<meta property=\"og:site_name\" content=\"Resoluci\u00f3n Sanitaria de Alimentos\" \/>\n<meta property=\"article:modified_time\" content=\"2023-02-09T18:40:24+00:00\" \/>\n<meta property=\"og:image\" content=\"https:\/\/resolucionsanitariadealimentos.cl\/wp-content\/uploads\/2021\/12\/comida-al-paso-rojo-01-1024x605.jpg\" \/>\n<meta name=\"twitter:card\" content=\"summary_large_image\" \/>\n<meta name=\"twitter:label1\" content=\"Est. reading time\" \/>\n\t<meta name=\"twitter:data1\" content=\"1 minuto\" \/>\n<script type=\"application\/ld+json\" class=\"yoast-schema-graph\">{\"@context\":\"https:\/\/schema.org\",\"@graph\":[{\"@type\":\"WebPage\",\"@id\":\"https:\/\/resolucionsanitariadealimentos.cl\/index.php\/resolucion-para-comida-al-paso\/\",\"url\":\"https:\/\/resolucionsanitariadealimentos.cl\/index.php\/resolucion-para-comida-al-paso\/\",\"name\":\"Resoluci\u00f3n sanitaria para local de comida al paso - Resoluci\u00f3n Sanitaria de Alimentos %\",\"isPartOf\":{\"@id\":\"https:\/\/resolucionsanitariadealimentos.cl\/#website\"},\"datePublished\":\"2019-01-24T20:56:07+00:00\",\"dateModified\":\"2023-02-09T18:40:24+00:00\",\"description\":\"Te asesoramos y tramitamos tu resoluci\u00f3n sanitaria de alimentos. Cont\u00e1ctanos!\",\"breadcrumb\":{\"@id\":\"https:\/\/resolucionsanitariadealimentos.cl\/index.php\/resolucion-para-comida-al-paso\/#breadcrumb\"},\"inLanguage\":\"es-CL\",\"potentialAction\":[{\"@type\":\"ReadAction\",\"target\":[\"https:\/\/resolucionsanitariadealimentos.cl\/index.php\/resolucion-para-comida-al-paso\/\"]}]},{\"@type\":\"BreadcrumbList\",\"@id\":\"https:\/\/resolucionsanitariadealimentos.cl\/index.php\/resolucion-para-comida-al-paso\/#breadcrumb\",\"itemListElement\":[{\"@type\":\"ListItem\",\"position\":1,\"name\":\"Inicio\",\"item\":\"https:\/\/resolucionsanitariadealimentos.cl\/\"},{\"@type\":\"ListItem\",\"position\":2,\"name\":\"Resoluci\u00f3n sanitaria para local de comida al paso\"}]},{\"@type\":\"WebSite\",\"@id\":\"https:\/\/resolucionsanitariadealimentos.cl\/#website\",\"url\":\"https:\/\/resolucionsanitariadealimentos.cl\/\",\"name\":\"Resoluci\u00f3n Sanitaria de Alimentos\",\"description\":\"Asesor\u00eda y tramitaci\u00f3n de Resoluci\u00f3n Sanitaria de Alimentos\",\"potentialAction\":[{\"@type\":\"SearchAction\",\"target\":{\"@type\":\"EntryPoint\",\"urlTemplate\":\"https:\/\/resolucionsanitariadealimentos.cl\/?s={search_term_string}\"},\"query-input\":\"required name=search_term_string\"}],\"inLanguage\":\"es-CL\"}]}<\/script>\n<!-- \/ Yoast SEO plugin. -->","yoast_head_json":{"title":"Resoluci\u00f3n sanitaria para local de comida al paso - Resoluci\u00f3n Sanitaria de Alimentos %","description":"Te asesoramos y tramitamos tu resoluci\u00f3n sanitaria de alimentos. Cont\u00e1ctanos!","robots":{"index":"index","follow":"follow","max-snippet":"max-snippet:-1","max-image-preview":"max-image-preview:large","max-video-preview":"max-video-preview:-1"},"canonical":"https:\/\/resolucionsanitariadealimentos.cl\/index.php\/resolucion-para-comida-al-paso\/","og_locale":"es_ES","og_type":"article","og_title":"Resoluci\u00f3n sanitaria para local de comida al paso - Resoluci\u00f3n Sanitaria de Alimentos %","og_description":"Te asesoramos y tramitamos tu resoluci\u00f3n sanitaria de alimentos. Cont\u00e1ctanos!","og_url":"https:\/\/resolucionsanitariadealimentos.cl\/index.php\/resolucion-para-comida-al-paso\/","og_site_name":"Resoluci\u00f3n Sanitaria de Alimentos","article_modified_time":"2023-02-09T18:40:24+00:00","og_image":[{"url":"https:\/\/resolucionsanitariadealimentos.cl\/wp-content\/uploads\/2021\/12\/comida-al-paso-rojo-01-1024x605.jpg"}],"twitter_card":"summary_large_image","twitter_misc":{"Est. reading time":"1 minuto"},"schema":{"@context":"https:\/\/schema.org","@graph":[{"@type":"WebPage","@id":"https:\/\/resolucionsanitariadealimentos.cl\/index.php\/resolucion-para-comida-al-paso\/","url":"https:\/\/resolucionsanitariadealimentos.cl\/index.php\/resolucion-para-comida-al-paso\/","name":"Resoluci\u00f3n sanitaria para local de comida al paso - Resoluci\u00f3n Sanitaria de Alimentos %","isPartOf":{"@id":"https:\/\/resolucionsanitariadealimentos.cl\/#website"},"datePublished":"2019-01-24T20:56:07+00:00","dateModified":"2023-02-09T18:40:24+00:00","description":"Te asesoramos y tramitamos tu resoluci\u00f3n sanitaria de alimentos. Cont\u00e1ctanos!","breadcrumb":{"@id":"https:\/\/resolucionsanitariadealimentos.cl\/index.php\/resolucion-para-comida-al-paso\/#breadcrumb"},"inLanguage":"es-CL","potentialAction":[{"@type":"ReadAction","target":["https:\/\/resolucionsanitariadealimentos.cl\/index.php\/resolucion-para-comida-al-paso\/"]}]},{"@type":"BreadcrumbList","@id":"https:\/\/resolucionsanitariadealimentos.cl\/index.php\/resolucion-para-comida-al-paso\/#breadcrumb","itemListElement":[{"@type":"ListItem","position":1,"name":"Inicio","item":"https:\/\/resolucionsanitariadealimentos.cl\/"},{"@type":"ListItem","position":2,"name":"Resoluci\u00f3n sanitaria para local de comida al paso"}]},{"@type":"WebSite","@id":"https:\/\/resolucionsanitariadealimentos.cl\/#website","url":"https:\/\/resolucionsanitariadealimentos.cl\/","name":"Resoluci\u00f3n Sanitaria de Alimentos","description":"Asesor\u00eda y tramitaci\u00f3n de Resoluci\u00f3n Sanitaria de Alimentos","potentialAction":[{"@type":"SearchAction","target":{"@type":"EntryPoint","urlTemplate":"https:\/\/resolucionsanitariadealimentos.cl\/?s={search_term_string}"},"query-input":"required name=search_term_string"}],"inLanguage":"es-CL"}]}},"amp_enabled":true,"_links":{"self":[{"href":"https:\/\/resolucionsanitariadealimentos.cl\/index.php\/wp-json\/wp\/v2\/pages\/7"}],"collection":[{"href":"https:\/\/resolucionsanitariadealimentos.cl\/index.php\/wp-json\/wp\/v2\/pages"}],"about":[{"href":"https:\/\/resolucionsanitariadealimentos.cl\/index.php\/wp-json\/wp\/v2\/types\/page"}],"author":[{"embeddable":true,"href":"https:\/\/resolucionsanitariadealimentos.cl\/index.php\/wp-json\/wp\/v2\/users\/1"}],"replies":[{"embeddable":true,"href":"https:\/\/resolucionsanitariadealimentos.cl\/index.php\/wp-json\/wp\/v2\/comments?post=7"}],"version-history":[{"count":11,"href":"https:\/\/resolucionsanitariadealimentos.cl\/index.php\/wp-json\/wp\/v2\/pages\/7\/revisions"}],"predecessor-version":[{"id":625,"href":"https:\/\/resolucionsanitariadealimentos.cl\/index.php\/wp-json\/wp\/v2\/pages\/7\/revisions\/625"}],"wp:attachment":[{"href":"https:\/\/resolucionsanitariadealimentos.cl\/index.php\/wp-json\/wp\/v2\/media?parent=7"}],"curies":[{"name":"wp","href":"https:\/\/api.w.org\/{rel}","templated":true}]}}