{"id":71,"date":"2019-01-29T19:25:42","date_gmt":"2019-01-29T19:25:42","guid":{"rendered":"http:\/\/resolucionsanitariadealimentos.cl\/?page_id=71"},"modified":"2025-02-25T14:20:20","modified_gmt":"2025-02-25T14:20:20","slug":"contacto","status":"publish","type":"page","link":"https:\/\/resolucionsanitariadealimentos.cl\/index.php\/contacto\/","title":{"rendered":"Contacto"},"content":{"rendered":"\t\t<div data-elementor-type=\"wp-page\" data-elementor-id=\"71\" class=\"elementor elementor-71\">\n\t\t\t\t\t\t\t\t\t<section class=\"elementor-section elementor-top-section elementor-element elementor-element-61687ae1 elementor-section-boxed elementor-section-height-default elementor-section-height-default\" data-id=\"61687ae1\" data-element_type=\"section\">\n\t\t\t\t\t\t<div class=\"elementor-container elementor-column-gap-default\">\n\t\t\t\t\t<div class=\"elementor-column elementor-col-100 elementor-top-column elementor-element elementor-element-a8c7a98\" data-id=\"a8c7a98\" data-element_type=\"column\">\n\t\t\t<div class=\"elementor-widget-wrap elementor-element-populated\">\n\t\t\t\t\t\t\t\t<div class=\"elementor-element elementor-element-2631c944 elementor-widget elementor-widget-text-editor\" data-id=\"2631c944\" data-element_type=\"widget\" data-widget_type=\"text-editor.default\">\n\t\t\t\t<div class=\"elementor-widget-container\">\n\t\t\t<style>\/*! elementor - v3.11.2 - 22-02-2023 *\/\n.elementor-widget-text-editor.elementor-drop-cap-view-stacked .elementor-drop-cap{background-color:#818a91;color:#fff}.elementor-widget-text-editor.elementor-drop-cap-view-framed .elementor-drop-cap{color:#818a91;border:3px solid;background-color:transparent}.elementor-widget-text-editor:not(.elementor-drop-cap-view-default) .elementor-drop-cap{margin-top:8px}.elementor-widget-text-editor:not(.elementor-drop-cap-view-default) .elementor-drop-cap-letter{width:1em;height:1em}.elementor-widget-text-editor .elementor-drop-cap{float:left;text-align:center;line-height:1;font-size:50px}.elementor-widget-text-editor .elementor-drop-cap-letter{display:inline-block}<\/style>\t\t\t\t<!-- wp:paragraph -->\n<p><\/p>\n<!-- \/wp:paragraph -->\n\n<!-- wp:shortcode -->\n<div class=\"wpforms-container wpforms-container-full\" id=\"wpforms-827\"><form id=\"wpforms-form-827\" class=\"wpforms-validate wpforms-form wpforms-ajax-form\" data-formid=\"827\" method=\"post\" enctype=\"multipart\/form-data\" action=\"\/index.php\/wp-json\/wp\/v2\/pages\/71\" data-token=\"ccb69d940155659c3444caaf7b1d5c49\" data-token-time=\"1778082019\"><noscript class=\"wpforms-error-noscript\">Por favor, activa JavaScript en tu navegador para completar este formulario.<\/noscript><div class=\"wpforms-field-container\"><div id=\"wpforms-827-field_0-container\" class=\"wpforms-field wpforms-field-name\" data-field-id=\"0\"><label class=\"wpforms-field-label\" for=\"wpforms-827-field_0\">Nombre <span class=\"wpforms-required-label\">*<\/span><\/label><input type=\"text\" id=\"wpforms-827-field_0\" class=\"wpforms-field-medium wpforms-field-required\" name=\"wpforms[fields][0]\" required><\/div><div id=\"wpforms-827-field_3-container\" class=\"wpforms-field wpforms-field-number\" data-field-id=\"3\"><label class=\"wpforms-field-label\" for=\"wpforms-827-field_3\">Tel\u00e9fono de contacto<\/label><input type=\"number\" id=\"wpforms-827-field_3\" class=\"wpforms-field-medium\" name=\"wpforms[fields][3]\" step=\"any\" ><\/div><div id=\"wpforms-827-field_1-container\" class=\"wpforms-field wpforms-field-email\" data-field-id=\"1\"><label class=\"wpforms-field-label\" for=\"wpforms-827-field_1\">Email <span class=\"wpforms-required-label\">*<\/span><\/label><input type=\"email\" id=\"wpforms-827-field_1\" class=\"wpforms-field-medium wpforms-field-required\" name=\"wpforms[fields][1]\" spellcheck=\"false\" required><\/div><div id=\"wpforms-827-field_5-container\" class=\"wpforms-field wpforms-field-radio\" data-field-id=\"5\"><label class=\"wpforms-field-label\">Seleccione una opci\u00f3n<\/label><ul id=\"wpforms-827-field_5\"><li class=\"choice-4 depth-1\"><input type=\"radio\" id=\"wpforms-827-field_5_4\" name=\"wpforms[fields][5]\" value=\"Cotizaci\u00f3n\"  ><label class=\"wpforms-field-label-inline\" for=\"wpforms-827-field_5_4\">Cotizaci\u00f3n<\/label><\/li><li class=\"choice-2 depth-1\"><input type=\"radio\" id=\"wpforms-827-field_5_2\" name=\"wpforms[fields][5]\" value=\"Consulta\"  ><label class=\"wpforms-field-label-inline\" for=\"wpforms-827-field_5_2\">Consulta<\/label><\/li><li class=\"choice-3 depth-1\"><input type=\"radio\" id=\"wpforms-827-field_5_3\" name=\"wpforms[fields][5]\" value=\"Sugerencia o Reclamo\"  ><label class=\"wpforms-field-label-inline\" for=\"wpforms-827-field_5_3\">Sugerencia o Reclamo<\/label><\/li><\/ul><\/div><div id=\"wpforms-827-field_11-container\" class=\"wpforms-field wpforms-field-select wpforms-field-select-style-classic\" data-field-id=\"11\"><label class=\"wpforms-field-label\" for=\"wpforms-827-field_11\">Regi\u00f3n <span class=\"wpforms-required-label\">*<\/span><\/label><select id=\"wpforms-827-field_11\" class=\"wpforms-field-medium wpforms-field-required\" name=\"wpforms[fields][11]\" required=\"required\"><option value=\"Seleccione\"  class=\"choice-1 depth-1\"  >Seleccione<\/option><option value=\"Regi\u00f3n de Arica y Parinacota.\"  class=\"choice-2 depth-1\"  >Regi\u00f3n de Arica y Parinacota.<\/option><option value=\"Regi\u00f3n de Tarapac\u00e1.\"  class=\"choice-3 depth-1\"  >Regi\u00f3n de Tarapac\u00e1.<\/option><option value=\"Regi\u00f3n de Antofagasta.\"  class=\"choice-6 depth-1\"  >Regi\u00f3n de Antofagasta.<\/option><option value=\"Regi\u00f3n de Atacama.\"  class=\"choice-5 depth-1\"  >Regi\u00f3n de Atacama.<\/option><option value=\"Regi\u00f3n de Coquimbo.\"  class=\"choice-4 depth-1\"  >Regi\u00f3n de Coquimbo.<\/option><option value=\"Regi\u00f3n de Valpara\u00edso.\"  class=\"choice-10 depth-1\"  >Regi\u00f3n de Valpara\u00edso.<\/option><option value=\"Regi\u00f3n Metropolitana de Santiago.\"  class=\"choice-9 depth-1\"  >Regi\u00f3n Metropolitana de Santiago.<\/option><option value=\"Regi\u00f3n del Libertador General Bernardo O\u2019Higgins.\"  class=\"choice-8 depth-1\"  >Regi\u00f3n del Libertador General Bernardo O\u2019Higgins.<\/option><option value=\"Regi\u00f3n del Maule.\"  class=\"choice-7 depth-1\"  >Regi\u00f3n del Maule.<\/option><option value=\"Regi\u00f3n del \u00d1uble.\"  class=\"choice-12 depth-1\"  >Regi\u00f3n del \u00d1uble.<\/option><option value=\"Regi\u00f3n del Biob\u00edo.\"  class=\"choice-11 depth-1\"  >Regi\u00f3n del Biob\u00edo.<\/option><option value=\"Regi\u00f3n de La Araucan\u00eda.\"  class=\"choice-14 depth-1\"  >Regi\u00f3n de La Araucan\u00eda.<\/option><option value=\"Regi\u00f3n de Los R\u00edos.\"  class=\"choice-13 depth-1\"  >Regi\u00f3n de Los R\u00edos.<\/option><option value=\"Regi\u00f3n de Los Lagos\"  class=\"choice-16 depth-1\"  >Regi\u00f3n de Los Lagos<\/option><option value=\"Regi\u00f3n de Ays\u00e9n del General Carlos Ib\u00e1\u00f1ez del Campo.\"  class=\"choice-15 depth-1\"  >Regi\u00f3n de Ays\u00e9n del General Carlos Ib\u00e1\u00f1ez del Campo.<\/option><option value=\"Regi\u00f3n de Magallanes y la Ant\u00e1rtica Chilena.\"  class=\"choice-17 depth-1\"  >Regi\u00f3n de Magallanes y la Ant\u00e1rtica Chilena.<\/option><\/select><\/div><div id=\"wpforms-827-field_8-container\" class=\"wpforms-field wpforms-field-text\" data-field-id=\"8\"><label class=\"wpforms-field-label\" for=\"wpforms-827-field_8\">Rubro o Giro de su Empresa<\/label><input type=\"text\" id=\"wpforms-827-field_8\" class=\"wpforms-field-medium\" name=\"wpforms[fields][8]\" ><\/div><div id=\"wpforms-827-field_2-container\" class=\"wpforms-field wpforms-field-textarea\" data-field-id=\"2\"><label class=\"wpforms-field-label\" for=\"wpforms-827-field_2\">Mensaje <span class=\"wpforms-required-label\">*<\/span><\/label><textarea id=\"wpforms-827-field_2\" class=\"wpforms-field-medium wpforms-field-required\" name=\"wpforms[fields][2]\" required><\/textarea><\/div><\/div><!-- .wpforms-field-container --><div class=\"wpforms-recaptcha-container wpforms-is-recaptcha wpforms-is-recaptcha-type-v2\" ><div class=\"g-recaptcha\" data-sitekey=\"6LeDmnskAAAAAEhDCXxj6TsKB3_q_mka1dhmYmVn\"><\/div><input type=\"text\" name=\"g-recaptcha-hidden\" class=\"wpforms-recaptcha-hidden\" style=\"position:absolute!important;clip:rect(0,0,0,0)!important;height:1px!important;width:1px!important;border:0!important;overflow:hidden!important;padding:0!important;margin:0!important;\" data-rule-recaptcha=\"1\"><\/div><div class=\"wpforms-submit-container\" ><input type=\"hidden\" name=\"wpforms[id]\" value=\"827\"><input type=\"hidden\" name=\"page_title\" value=\"\"><input type=\"hidden\" name=\"page_url\" value=\"https:\/\/resolucionsanitariadealimentos.cl\/index.php\/wp-json\/wp\/v2\/pages\/71\"><input type=\"hidden\" name=\"url_referer\" value=\"\"><button type=\"submit\" name=\"wpforms[submit]\" id=\"wpforms-submit-827\" class=\"wpforms-submit\" data-alt-text=\"Enviando...\" data-submit-text=\"Enviar\" aria-live=\"assertive\" value=\"wpforms-submit\">Enviar<\/button><img loading=\"lazy\" decoding=\"async\" src=\"https:\/\/resolucionsanitariadealimentos.cl\/wp-content\/plugins\/wpforms-lite\/assets\/images\/submit-spin.svg\" class=\"wpforms-submit-spinner\" style=\"display: none;\" width=\"26\" height=\"26\" alt=\"Cargando\"><\/div><\/form><\/div>  <!-- .wpforms-container -->\n<!-- \/wp:shortcode -->\n\n<!-- wp:paragraph -->\n<p><\/p>\n<!-- \/wp:paragraph -->\t\t\t\t\t\t<\/div>\n\t\t\t\t<\/div>\n\t\t\t\t\t<\/div>\n\t\t<\/div>\n\t\t\t\t\t\t\t<\/div>\n\t\t<\/section>\n\t\t\t\t\t\t\t<\/div>\n\t\t","protected":false},"excerpt":{"rendered":"","protected":false},"author":1,"featured_media":0,"parent":0,"menu_order":0,"comment_status":"closed","ping_status":"closed","template":"","meta":{"footnotes":""},"class_list":["post-71","page","type-page","status-publish","hentry"],"yoast_head":"<!-- This site is optimized with the Yoast SEO plugin v21.6 - https:\/\/yoast.com\/wordpress\/plugins\/seo\/ -->\n<title>Contacto - Resoluci\u00f3n Sanitaria de Alimentos<\/title>\n<meta name=\"robots\" content=\"index, follow, max-snippet:-1, max-image-preview:large, max-video-preview:-1\" \/>\n<link rel=\"canonical\" href=\"https:\/\/resolucionsanitariadealimentos.cl\/index.php\/contacto\/\" \/>\n<meta property=\"og:locale\" content=\"es_ES\" \/>\n<meta property=\"og:type\" content=\"article\" \/>\n<meta property=\"og:title\" content=\"Contacto - Resoluci\u00f3n Sanitaria de Alimentos\" \/>\n<meta property=\"og:url\" content=\"https:\/\/resolucionsanitariadealimentos.cl\/index.php\/contacto\/\" \/>\n<meta property=\"og:site_name\" content=\"Resoluci\u00f3n Sanitaria de Alimentos\" \/>\n<meta property=\"article:modified_time\" content=\"2025-02-25T14:20:20+00:00\" \/>\n<meta name=\"twitter:card\" content=\"summary_large_image\" \/>\n<meta name=\"twitter:label1\" content=\"Est. reading time\" \/>\n\t<meta name=\"twitter:data1\" content=\"1 minuto\" \/>\n<script type=\"application\/ld+json\" class=\"yoast-schema-graph\">{\"@context\":\"https:\/\/schema.org\",\"@graph\":[{\"@type\":\"WebPage\",\"@id\":\"https:\/\/resolucionsanitariadealimentos.cl\/index.php\/contacto\/\",\"url\":\"https:\/\/resolucionsanitariadealimentos.cl\/index.php\/contacto\/\",\"name\":\"Contacto - Resoluci\u00f3n Sanitaria de Alimentos\",\"isPartOf\":{\"@id\":\"https:\/\/resolucionsanitariadealimentos.cl\/#website\"},\"datePublished\":\"2019-01-29T19:25:42+00:00\",\"dateModified\":\"2025-02-25T14:20:20+00:00\",\"breadcrumb\":{\"@id\":\"https:\/\/resolucionsanitariadealimentos.cl\/index.php\/contacto\/#breadcrumb\"},\"inLanguage\":\"es-CL\",\"potentialAction\":[{\"@type\":\"ReadAction\",\"target\":[\"https:\/\/resolucionsanitariadealimentos.cl\/index.php\/contacto\/\"]}]},{\"@type\":\"BreadcrumbList\",\"@id\":\"https:\/\/resolucionsanitariadealimentos.cl\/index.php\/contacto\/#breadcrumb\",\"itemListElement\":[{\"@type\":\"ListItem\",\"position\":1,\"name\":\"Inicio\",\"item\":\"https:\/\/resolucionsanitariadealimentos.cl\/\"},{\"@type\":\"ListItem\",\"position\":2,\"name\":\"Contacto\"}]},{\"@type\":\"WebSite\",\"@id\":\"https:\/\/resolucionsanitariadealimentos.cl\/#website\",\"url\":\"https:\/\/resolucionsanitariadealimentos.cl\/\",\"name\":\"Resoluci\u00f3n Sanitaria de Alimentos\",\"description\":\"Asesor\u00eda y tramitaci\u00f3n de Resoluci\u00f3n Sanitaria de Alimentos\",\"potentialAction\":[{\"@type\":\"SearchAction\",\"target\":{\"@type\":\"EntryPoint\",\"urlTemplate\":\"https:\/\/resolucionsanitariadealimentos.cl\/?s={search_term_string}\"},\"query-input\":\"required name=search_term_string\"}],\"inLanguage\":\"es-CL\"}]}<\/script>\n<!-- \/ Yoast SEO plugin. -->","yoast_head_json":{"title":"Contacto - Resoluci\u00f3n Sanitaria de Alimentos","robots":{"index":"index","follow":"follow","max-snippet":"max-snippet:-1","max-image-preview":"max-image-preview:large","max-video-preview":"max-video-preview:-1"},"canonical":"https:\/\/resolucionsanitariadealimentos.cl\/index.php\/contacto\/","og_locale":"es_ES","og_type":"article","og_title":"Contacto - Resoluci\u00f3n Sanitaria de Alimentos","og_url":"https:\/\/resolucionsanitariadealimentos.cl\/index.php\/contacto\/","og_site_name":"Resoluci\u00f3n Sanitaria de Alimentos","article_modified_time":"2025-02-25T14:20:20+00:00","twitter_card":"summary_large_image","twitter_misc":{"Est. reading time":"1 minuto"},"schema":{"@context":"https:\/\/schema.org","@graph":[{"@type":"WebPage","@id":"https:\/\/resolucionsanitariadealimentos.cl\/index.php\/contacto\/","url":"https:\/\/resolucionsanitariadealimentos.cl\/index.php\/contacto\/","name":"Contacto - Resoluci\u00f3n Sanitaria de Alimentos","isPartOf":{"@id":"https:\/\/resolucionsanitariadealimentos.cl\/#website"},"datePublished":"2019-01-29T19:25:42+00:00","dateModified":"2025-02-25T14:20:20+00:00","breadcrumb":{"@id":"https:\/\/resolucionsanitariadealimentos.cl\/index.php\/contacto\/#breadcrumb"},"inLanguage":"es-CL","potentialAction":[{"@type":"ReadAction","target":["https:\/\/resolucionsanitariadealimentos.cl\/index.php\/contacto\/"]}]},{"@type":"BreadcrumbList","@id":"https:\/\/resolucionsanitariadealimentos.cl\/index.php\/contacto\/#breadcrumb","itemListElement":[{"@type":"ListItem","position":1,"name":"Inicio","item":"https:\/\/resolucionsanitariadealimentos.cl\/"},{"@type":"ListItem","position":2,"name":"Contacto"}]},{"@type":"WebSite","@id":"https:\/\/resolucionsanitariadealimentos.cl\/#website","url":"https:\/\/resolucionsanitariadealimentos.cl\/","name":"Resoluci\u00f3n Sanitaria de Alimentos","description":"Asesor\u00eda y tramitaci\u00f3n de Resoluci\u00f3n Sanitaria de Alimentos","potentialAction":[{"@type":"SearchAction","target":{"@type":"EntryPoint","urlTemplate":"https:\/\/resolucionsanitariadealimentos.cl\/?s={search_term_string}"},"query-input":"required name=search_term_string"}],"inLanguage":"es-CL"}]}},"amp_enabled":true,"_links":{"self":[{"href":"https:\/\/resolucionsanitariadealimentos.cl\/index.php\/wp-json\/wp\/v2\/pages\/71","targetHints":{"allow":["GET"]}}],"collection":[{"href":"https:\/\/resolucionsanitariadealimentos.cl\/index.php\/wp-json\/wp\/v2\/pages"}],"about":[{"href":"https:\/\/resolucionsanitariadealimentos.cl\/index.php\/wp-json\/wp\/v2\/types\/page"}],"author":[{"embeddable":true,"href":"https:\/\/resolucionsanitariadealimentos.cl\/index.php\/wp-json\/wp\/v2\/users\/1"}],"replies":[{"embeddable":true,"href":"https:\/\/resolucionsanitariadealimentos.cl\/index.php\/wp-json\/wp\/v2\/comments?post=71"}],"version-history":[{"count":19,"href":"https:\/\/resolucionsanitariadealimentos.cl\/index.php\/wp-json\/wp\/v2\/pages\/71\/revisions"}],"predecessor-version":[{"id":997,"href":"https:\/\/resolucionsanitariadealimentos.cl\/index.php\/wp-json\/wp\/v2\/pages\/71\/revisions\/997"}],"wp:attachment":[{"href":"https:\/\/resolucionsanitariadealimentos.cl\/index.php\/wp-json\/wp\/v2\/media?parent=71"}],"curies":[{"name":"wp","href":"https:\/\/api.w.org\/{rel}","templated":true}]}}