{"id":735,"date":"2023-01-23T23:56:34","date_gmt":"2023-01-23T23:56:34","guid":{"rendered":"https:\/\/resolucionsanitariadealimentos.cl\/?page_id=735"},"modified":"2024-06-25T22:30:12","modified_gmt":"2024-06-25T22:30:12","slug":"control-de-calidad","status":"publish","type":"page","link":"https:\/\/resolucionsanitariadealimentos.cl\/index.php\/control-de-calidad\/","title":{"rendered":"Gesti\u00f3n de calidad alimentaria"},"content":{"rendered":"\n<p>Nuestro servicio de gesti\u00f3n de calidad, es totalmente hecho a la medida para sus procesos de manipulaci\u00f3n de alimentos, por lo cual, se ajusta a lo que realmente. Puede solicitar un servicio de consultor\u00eda en particular hasta un programa completo de trabajo por el tiempo que desee el cliente, de los cuales mencionamos:  <\/p>\n\n\n\n<p> <\/p>\n\n\n\n<figure class=\"wp-block-gallery has-nested-images columns-5 is-cropped wp-block-gallery-1 is-layout-flex\">\n<figure class=\"wp-block-image size-large\"><img decoding=\"async\" loading=\"lazy\" width=\"1024\" height=\"1024\" data-id=\"774\"  src=\"https:\/\/resolucionsanitariadealimentos.cl\/wp-content\/uploads\/2023\/01\/1-1-1024x1024.png\" alt=\"Estandarizaci\u00f3n de recetas y procesos, flujograma de alimentos, control de calidad, servicio de control de calidad, auditor\u00eda calidad de alimentos.\" class=\"wp-image-774\" title=\"Estandarizaci\u00f3n de recetas y procesos\" srcset=\"https:\/\/resolucionsanitariadealimentos.cl\/wp-content\/uploads\/2023\/01\/1-1-1024x1024.png 1024w, https:\/\/resolucionsanitariadealimentos.cl\/wp-content\/uploads\/2023\/01\/1-1-300x300.png 300w, https:\/\/resolucionsanitariadealimentos.cl\/wp-content\/uploads\/2023\/01\/1-1-150x150.png 150w, https:\/\/resolucionsanitariadealimentos.cl\/wp-content\/uploads\/2023\/01\/1-1-768x768.png 768w, https:\/\/resolucionsanitariadealimentos.cl\/wp-content\/uploads\/2023\/01\/1-1.png 1080w\" sizes=\"(max-width: 1024px) 100vw, 1024px\" \/><\/figure>\n\n\n\n<figure class=\"wp-block-image size-large\"><img decoding=\"async\" loading=\"lazy\" width=\"1024\" height=\"1024\" data-id=\"777\"  src=\"https:\/\/resolucionsanitariadealimentos.cl\/wp-content\/uploads\/2023\/01\/2-1-1024x1024.png\" alt=\"Servicio de control de calidad, inspector de calidad, \" class=\"wp-image-777\" title=\"Control de calidad presencial\" srcset=\"https:\/\/resolucionsanitariadealimentos.cl\/wp-content\/uploads\/2023\/01\/2-1-1024x1024.png 1024w, https:\/\/resolucionsanitariadealimentos.cl\/wp-content\/uploads\/2023\/01\/2-1-300x300.png 300w, https:\/\/resolucionsanitariadealimentos.cl\/wp-content\/uploads\/2023\/01\/2-1-150x150.png 150w, https:\/\/resolucionsanitariadealimentos.cl\/wp-content\/uploads\/2023\/01\/2-1-768x768.png 768w, https:\/\/resolucionsanitariadealimentos.cl\/wp-content\/uploads\/2023\/01\/2-1.png 1080w\" sizes=\"(max-width: 1024px) 100vw, 1024px\" \/><\/figure>\n\n\n\n<figure class=\"wp-block-image size-large\"><img decoding=\"async\" loading=\"lazy\" width=\"1024\" height=\"1024\" data-id=\"776\"  src=\"https:\/\/resolucionsanitariadealimentos.cl\/wp-content\/uploads\/2023\/01\/3-1-1024x1024.png\" alt=\"\" class=\"wp-image-776\" title=\"Capacitaciones en seguridad alimentaria\" srcset=\"https:\/\/resolucionsanitariadealimentos.cl\/wp-content\/uploads\/2023\/01\/3-1-1024x1024.png 1024w, https:\/\/resolucionsanitariadealimentos.cl\/wp-content\/uploads\/2023\/01\/3-1-300x300.png 300w, https:\/\/resolucionsanitariadealimentos.cl\/wp-content\/uploads\/2023\/01\/3-1-150x150.png 150w, https:\/\/resolucionsanitariadealimentos.cl\/wp-content\/uploads\/2023\/01\/3-1-768x768.png 768w, https:\/\/resolucionsanitariadealimentos.cl\/wp-content\/uploads\/2023\/01\/3-1.png 1080w\" sizes=\"(max-width: 1024px) 100vw, 1024px\" \/><\/figure>\n\n\n\n<figure class=\"wp-block-image size-large\"><img decoding=\"async\" loading=\"lazy\" width=\"1024\" height=\"1024\" data-id=\"778\"  src=\"https:\/\/resolucionsanitariadealimentos.cl\/wp-content\/uploads\/2023\/01\/4-1-1024x1024.png\" alt=\"\" class=\"wp-image-778\" title=\"Auditor\u00eda en programas de calidad como BPM y HACCP\" srcset=\"https:\/\/resolucionsanitariadealimentos.cl\/wp-content\/uploads\/2023\/01\/4-1-1024x1024.png 1024w, https:\/\/resolucionsanitariadealimentos.cl\/wp-content\/uploads\/2023\/01\/4-1-300x300.png 300w, https:\/\/resolucionsanitariadealimentos.cl\/wp-content\/uploads\/2023\/01\/4-1-150x150.png 150w, https:\/\/resolucionsanitariadealimentos.cl\/wp-content\/uploads\/2023\/01\/4-1-768x768.png 768w, https:\/\/resolucionsanitariadealimentos.cl\/wp-content\/uploads\/2023\/01\/4-1.png 1080w\" sizes=\"(max-width: 1024px) 100vw, 1024px\" \/><\/figure>\n\n\n\n<figure class=\"wp-block-image size-large\"><img decoding=\"async\" loading=\"lazy\" width=\"1024\" height=\"1024\" data-id=\"775\"  src=\"https:\/\/resolucionsanitariadealimentos.cl\/wp-content\/uploads\/2023\/01\/5-1-1024x1024.png\" alt=\"\" class=\"wp-image-775\" title=\"Implementamos programas de calidad \" srcset=\"https:\/\/resolucionsanitariadealimentos.cl\/wp-content\/uploads\/2023\/01\/5-1-1024x1024.png 1024w, https:\/\/resolucionsanitariadealimentos.cl\/wp-content\/uploads\/2023\/01\/5-1-300x300.png 300w, https:\/\/resolucionsanitariadealimentos.cl\/wp-content\/uploads\/2023\/01\/5-1-150x150.png 150w, https:\/\/resolucionsanitariadealimentos.cl\/wp-content\/uploads\/2023\/01\/5-1-768x768.png 768w, https:\/\/resolucionsanitariadealimentos.cl\/wp-content\/uploads\/2023\/01\/5-1.png 1080w\" sizes=\"(max-width: 1024px) 100vw, 1024px\" \/><\/figure>\n<\/figure>\n\n\n\n<p>Si buscas compromiso y profesionalismo, <a href=\"http:\/\/resolucionsanitariadealimentos.cl\/index.php\/contacto\/\" target=\"_blank\" rel=\"noreferrer noopener\">cotiza con nosotros!<\/a><\/p>\n","protected":false},"excerpt":{"rendered":"<p>Estandarizaci\u00f3n de recetas y procesos<\/p>\n","protected":false},"author":1,"featured_media":0,"parent":0,"menu_order":0,"comment_status":"closed","ping_status":"closed","template":"","meta":[],"yoast_head":"<!-- This site is optimized with the Yoast SEO plugin v21.6 - https:\/\/yoast.com\/wordpress\/plugins\/seo\/ -->\n<title>Gesti\u00f3n de calidad alimentaria - Resoluci\u00f3n Sanitaria de Alimentos<\/title>\n<meta name=\"description\" content=\"Asegura la inocuidad de tus alimentos a trav\u00e9s de nuestros servicios de gesti\u00f3n de calidad.\" \/>\n<meta name=\"robots\" content=\"index, follow, max-snippet:-1, max-image-preview:large, max-video-preview:-1\" \/>\n<link rel=\"canonical\" href=\"https:\/\/resolucionsanitariadealimentos.cl\/index.php\/control-de-calidad\/\" \/>\n<meta property=\"og:locale\" content=\"es_ES\" \/>\n<meta property=\"og:type\" content=\"article\" \/>\n<meta property=\"og:title\" content=\"Gesti\u00f3n de calidad alimentaria - Resoluci\u00f3n Sanitaria de Alimentos\" \/>\n<meta property=\"og:description\" content=\"Asegura la inocuidad de tus alimentos a trav\u00e9s de nuestros servicios de gesti\u00f3n de calidad.\" \/>\n<meta property=\"og:url\" content=\"https:\/\/resolucionsanitariadealimentos.cl\/index.php\/control-de-calidad\/\" \/>\n<meta property=\"og:site_name\" content=\"Resoluci\u00f3n Sanitaria de Alimentos\" \/>\n<meta property=\"article:modified_time\" content=\"2024-06-25T22:30:12+00:00\" \/>\n<meta property=\"og:image\" content=\"https:\/\/resolucionsanitariadealimentos.cl\/wp-content\/uploads\/2023\/01\/1-1-1024x1024.png\" \/>\n<meta name=\"twitter:card\" content=\"summary_large_image\" \/>\n<meta name=\"twitter:label1\" content=\"Est. reading time\" \/>\n\t<meta name=\"twitter:data1\" content=\"2 minutos\" \/>\n<script type=\"application\/ld+json\" class=\"yoast-schema-graph\">{\"@context\":\"https:\/\/schema.org\",\"@graph\":[{\"@type\":\"WebPage\",\"@id\":\"https:\/\/resolucionsanitariadealimentos.cl\/index.php\/control-de-calidad\/\",\"url\":\"https:\/\/resolucionsanitariadealimentos.cl\/index.php\/control-de-calidad\/\",\"name\":\"Gesti\u00f3n de calidad alimentaria - Resoluci\u00f3n Sanitaria de Alimentos\",\"isPartOf\":{\"@id\":\"https:\/\/resolucionsanitariadealimentos.cl\/#website\"},\"datePublished\":\"2023-01-23T23:56:34+00:00\",\"dateModified\":\"2024-06-25T22:30:12+00:00\",\"description\":\"Asegura la inocuidad de tus alimentos a trav\u00e9s de nuestros servicios de gesti\u00f3n de calidad.\",\"breadcrumb\":{\"@id\":\"https:\/\/resolucionsanitariadealimentos.cl\/index.php\/control-de-calidad\/#breadcrumb\"},\"inLanguage\":\"es-CL\",\"potentialAction\":[{\"@type\":\"ReadAction\",\"target\":[\"https:\/\/resolucionsanitariadealimentos.cl\/index.php\/control-de-calidad\/\"]}]},{\"@type\":\"BreadcrumbList\",\"@id\":\"https:\/\/resolucionsanitariadealimentos.cl\/index.php\/control-de-calidad\/#breadcrumb\",\"itemListElement\":[{\"@type\":\"ListItem\",\"position\":1,\"name\":\"Inicio\",\"item\":\"https:\/\/resolucionsanitariadealimentos.cl\/\"},{\"@type\":\"ListItem\",\"position\":2,\"name\":\"Gesti\u00f3n de calidad alimentaria\"}]},{\"@type\":\"WebSite\",\"@id\":\"https:\/\/resolucionsanitariadealimentos.cl\/#website\",\"url\":\"https:\/\/resolucionsanitariadealimentos.cl\/\",\"name\":\"Resoluci\u00f3n Sanitaria de Alimentos\",\"description\":\"Asesor\u00eda y tramitaci\u00f3n de Resoluci\u00f3n Sanitaria de Alimentos\",\"potentialAction\":[{\"@type\":\"SearchAction\",\"target\":{\"@type\":\"EntryPoint\",\"urlTemplate\":\"https:\/\/resolucionsanitariadealimentos.cl\/?s={search_term_string}\"},\"query-input\":\"required name=search_term_string\"}],\"inLanguage\":\"es-CL\"}]}<\/script>\n<!-- \/ Yoast SEO plugin. -->","yoast_head_json":{"title":"Gesti\u00f3n de calidad alimentaria - Resoluci\u00f3n Sanitaria de Alimentos","description":"Asegura la inocuidad de tus alimentos a trav\u00e9s de nuestros servicios de gesti\u00f3n de calidad.","robots":{"index":"index","follow":"follow","max-snippet":"max-snippet:-1","max-image-preview":"max-image-preview:large","max-video-preview":"max-video-preview:-1"},"canonical":"https:\/\/resolucionsanitariadealimentos.cl\/index.php\/control-de-calidad\/","og_locale":"es_ES","og_type":"article","og_title":"Gesti\u00f3n de calidad alimentaria - Resoluci\u00f3n Sanitaria de Alimentos","og_description":"Asegura la inocuidad de tus alimentos a trav\u00e9s de nuestros servicios de gesti\u00f3n de calidad.","og_url":"https:\/\/resolucionsanitariadealimentos.cl\/index.php\/control-de-calidad\/","og_site_name":"Resoluci\u00f3n Sanitaria de Alimentos","article_modified_time":"2024-06-25T22:30:12+00:00","og_image":[{"url":"https:\/\/resolucionsanitariadealimentos.cl\/wp-content\/uploads\/2023\/01\/1-1-1024x1024.png"}],"twitter_card":"summary_large_image","twitter_misc":{"Est. reading time":"2 minutos"},"schema":{"@context":"https:\/\/schema.org","@graph":[{"@type":"WebPage","@id":"https:\/\/resolucionsanitariadealimentos.cl\/index.php\/control-de-calidad\/","url":"https:\/\/resolucionsanitariadealimentos.cl\/index.php\/control-de-calidad\/","name":"Gesti\u00f3n de calidad alimentaria - Resoluci\u00f3n Sanitaria de Alimentos","isPartOf":{"@id":"https:\/\/resolucionsanitariadealimentos.cl\/#website"},"datePublished":"2023-01-23T23:56:34+00:00","dateModified":"2024-06-25T22:30:12+00:00","description":"Asegura la inocuidad de tus alimentos a trav\u00e9s de nuestros servicios de gesti\u00f3n de calidad.","breadcrumb":{"@id":"https:\/\/resolucionsanitariadealimentos.cl\/index.php\/control-de-calidad\/#breadcrumb"},"inLanguage":"es-CL","potentialAction":[{"@type":"ReadAction","target":["https:\/\/resolucionsanitariadealimentos.cl\/index.php\/control-de-calidad\/"]}]},{"@type":"BreadcrumbList","@id":"https:\/\/resolucionsanitariadealimentos.cl\/index.php\/control-de-calidad\/#breadcrumb","itemListElement":[{"@type":"ListItem","position":1,"name":"Inicio","item":"https:\/\/resolucionsanitariadealimentos.cl\/"},{"@type":"ListItem","position":2,"name":"Gesti\u00f3n de calidad alimentaria"}]},{"@type":"WebSite","@id":"https:\/\/resolucionsanitariadealimentos.cl\/#website","url":"https:\/\/resolucionsanitariadealimentos.cl\/","name":"Resoluci\u00f3n Sanitaria de Alimentos","description":"Asesor\u00eda y tramitaci\u00f3n de Resoluci\u00f3n Sanitaria de Alimentos","potentialAction":[{"@type":"SearchAction","target":{"@type":"EntryPoint","urlTemplate":"https:\/\/resolucionsanitariadealimentos.cl\/?s={search_term_string}"},"query-input":"required name=search_term_string"}],"inLanguage":"es-CL"}]}},"amp_enabled":true,"_links":{"self":[{"href":"https:\/\/resolucionsanitariadealimentos.cl\/index.php\/wp-json\/wp\/v2\/pages\/735"}],"collection":[{"href":"https:\/\/resolucionsanitariadealimentos.cl\/index.php\/wp-json\/wp\/v2\/pages"}],"about":[{"href":"https:\/\/resolucionsanitariadealimentos.cl\/index.php\/wp-json\/wp\/v2\/types\/page"}],"author":[{"embeddable":true,"href":"https:\/\/resolucionsanitariadealimentos.cl\/index.php\/wp-json\/wp\/v2\/users\/1"}],"replies":[{"embeddable":true,"href":"https:\/\/resolucionsanitariadealimentos.cl\/index.php\/wp-json\/wp\/v2\/comments?post=735"}],"version-history":[{"count":13,"href":"https:\/\/resolucionsanitariadealimentos.cl\/index.php\/wp-json\/wp\/v2\/pages\/735\/revisions"}],"predecessor-version":[{"id":953,"href":"https:\/\/resolucionsanitariadealimentos.cl\/index.php\/wp-json\/wp\/v2\/pages\/735\/revisions\/953"}],"wp:attachment":[{"href":"https:\/\/resolucionsanitariadealimentos.cl\/index.php\/wp-json\/wp\/v2\/media?parent=735"}],"curies":[{"name":"wp","href":"https:\/\/api.w.org\/{rel}","templated":true}]}}